{"id":569,"date":"2020-11-26T19:11:33","date_gmt":"2020-11-26T18:11:33","guid":{"rendered":"http:\/\/www.moerk-metall.de\/?page_id=569"},"modified":"2025-11-07T10:27:40","modified_gmt":"2025-11-07T09:27:40","slug":"schweisser-m-w-d","status":"publish","type":"page","link":"https:\/\/www.moerk-metall.de\/?page_id=569","title":{"rendered":"Metallbauer (m\/w\/d)"},"content":{"rendered":"\n<p class=\"has-medium-font-size\"><strong>Wir suchen zum n\u00e4chstm\u00f6glichen Zeitpunkt einen Metallbauer (m\/w\/d).<\/strong><\/p>\n\n\n\n<h3 class=\"wp-block-heading\"><strong>T\u00e4tigkeiten:<\/strong><\/h3>\n\n\n\n<ul class=\"wp-block-list\">\n<li>Schwei\u00dfen im MIG, MAG und WIG Verfahren<\/li>\n\n\n\n<li>Sicheres Arbeiten nach technischen Zeichnungen<\/li>\n\n\n\n<li>Selbstst\u00e4ndiger Aufbau und Verschwei\u00dfen von Gestellen aus Rohren, Winkeln und Blechteilen<\/li>\n\n\n\n<li>Erstellung von Schwei\u00dfkonstruktionen aus Stahl und Edelstahl<\/li>\n\n\n\n<li>Pr\u00fcfen der Schwei\u00dfverbindungen auf Ma\u00dfhaltigkeit und Formgenauigkeit<\/li>\n\n\n\n<li>Eigenverantwortliche \u00dcberwachung und Sicherstellung der geforderten Qualit\u00e4t<\/li>\n<\/ul>\n\n\n\n<h3 class=\"wp-block-heading\"><strong>Ihr Profil:<\/strong><\/h3>\n\n\n\n<ul class=\"wp-block-list\">\n<li>Abgeschlossene Berufsausbildung in einem Metallberuf oder vergleichbare Qualifikation w\u00fcnschenswert<\/li>\n\n\n\n<li>Mehrj\u00e4hrige Berufserfahrung als Metallbauer\/Schwei\u00dfer<\/li>\n\n\n\n<li>Gutes Verst\u00e4ndnis von technischen Zeichnungen<\/li>\n\n\n\n<li>Rasche Auffassungsgabe und ausgepr\u00e4gtes Qualit\u00e4tsbewusstsein<\/li>\n\n\n\n<li>Selbstst\u00e4ndige und strukturierte Arbeitsweise<\/li>\n<\/ul>\n\n\n\n<h3 class=\"wp-block-heading\"><strong>Wir bieten:<\/strong><\/h3>\n\n\n\n<ul class=\"wp-block-list\">\n<li>Einen sicheren Arbeitsplatz in einem erfolgreichen Familienbetrieb<\/li>\n\n\n\n<li>Eigenverantwortliches Arbeiten an interessanten Aufgaben<\/li>\n\n\n\n<li>Arbeiten nur im Betrieb in Leonberg bei Stuttgart, keine Montagen\/Ausw\u00e4rtst\u00e4tigkeiten<\/li>\n\n\n\n<li>Leistungsgerechte Bezahlung inklusive Sonderzahlungen (Urlaubs- &amp; Weihnachtsgeld)<\/li>\n<\/ul>\n\n\n\n<p><\/p>\n\n\n\n<p><strong>Wenn wir Ihr Interesse geweckt haben, freuen wir uns \u00fcber die Zusendung Ihrer aussagekr\u00e4ftigen Bewerbungsunterlagen per Post oder Mail<\/strong> <strong>(<\/strong><a href=\"mailto:manogg@moerk-metall.de\"><strong>manogg@moerk-metall.de<\/strong><\/a><strong>).<\/strong><\/p>\n\n\n\n<p><strong>Wir freuen uns Sie kennenzulernen!<\/strong><\/p>\n","protected":false},"excerpt":{"rendered":"<p>Wir suchen zum n\u00e4chstm\u00f6glichen Zeitpunkt einen Metallbauer (m\/w\/d). T\u00e4tigkeiten: Ihr Profil: Wir bieten: Wenn wir Ihr Interesse geweckt haben, freuen wir uns \u00fcber die Zusendung Ihrer aussagekr\u00e4ftigen Bewerbungsunterlagen per Post oder Mail (manogg@moerk-metall.de). Wir freuen uns Sie kennenzulernen!<\/p>\n","protected":false},"author":1,"featured_media":0,"parent":0,"menu_order":0,"comment_status":"closed","ping_status":"closed","template":"","meta":{"footnotes":""},"class_list":["post-569","page","type-page","status-publish","hentry"],"yoast_head":"<!-- This site is optimized with the Yoast SEO plugin v25.5 - https:\/\/yoast.com\/wordpress\/plugins\/seo\/ -->\n<title>Metallbauer (m\/w\/d) - M\u00d6RK METALL<\/title>\n<meta name=\"description\" content=\"Stellenangebot als Metallbauer\/Schwei\u00dfer. MIG, MAG, WIG Verfahren. Gestelle und Schwei\u00dfkonstruktionen\" \/>\n<meta name=\"robots\" content=\"index, follow, max-snippet:-1, max-image-preview:large, max-video-preview:-1\" \/>\n<link rel=\"canonical\" href=\"https:\/\/www.moerk-metall.de\/?page_id=569\" \/>\n<meta property=\"og:locale\" content=\"de_DE\" \/>\n<meta property=\"og:type\" content=\"article\" \/>\n<meta property=\"og:title\" content=\"Metallbauer (m\/w\/d) - M\u00d6RK METALL\" \/>\n<meta property=\"og:description\" content=\"Stellenangebot als Metallbauer\/Schwei\u00dfer. MIG, MAG, WIG Verfahren. Gestelle und Schwei\u00dfkonstruktionen\" \/>\n<meta property=\"og:url\" content=\"https:\/\/www.moerk-metall.de\/?page_id=569\" \/>\n<meta property=\"og:site_name\" content=\"M\u00d6RK METALL\" \/>\n<meta property=\"article:modified_time\" content=\"2025-11-07T09:27:40+00:00\" \/>\n<meta name=\"twitter:card\" content=\"summary_large_image\" \/>\n<meta name=\"twitter:label1\" content=\"Gesch\u00e4tzte Lesezeit\" \/>\n\t<meta name=\"twitter:data1\" content=\"1\u00a0Minute\" \/>\n<script type=\"application\/ld+json\" class=\"yoast-schema-graph\">{\"@context\":\"https:\/\/schema.org\",\"@graph\":[{\"@type\":\"WebPage\",\"@id\":\"https:\/\/www.moerk-metall.de\/?page_id=569\",\"url\":\"https:\/\/www.moerk-metall.de\/?page_id=569\",\"name\":\"Metallbauer (m\/w\/d) - M\u00d6RK METALL\",\"isPartOf\":{\"@id\":\"https:\/\/www.moerk-metall.de\/#website\"},\"datePublished\":\"2020-11-26T18:11:33+00:00\",\"dateModified\":\"2025-11-07T09:27:40+00:00\",\"description\":\"Stellenangebot als Metallbauer\/Schwei\u00dfer. MIG, MAG, WIG Verfahren. Gestelle und Schwei\u00dfkonstruktionen\",\"breadcrumb\":{\"@id\":\"https:\/\/www.moerk-metall.de\/?page_id=569#breadcrumb\"},\"inLanguage\":\"de\",\"potentialAction\":[{\"@type\":\"ReadAction\",\"target\":[\"https:\/\/www.moerk-metall.de\/?page_id=569\"]}]},{\"@type\":\"BreadcrumbList\",\"@id\":\"https:\/\/www.moerk-metall.de\/?page_id=569#breadcrumb\",\"itemListElement\":[{\"@type\":\"ListItem\",\"position\":1,\"name\":\"Startseite\",\"item\":\"https:\/\/www.moerk-metall.de\/\"},{\"@type\":\"ListItem\",\"position\":2,\"name\":\"Metallbauer (m\/w\/d)\"}]},{\"@type\":\"WebSite\",\"@id\":\"https:\/\/www.moerk-metall.de\/#website\",\"url\":\"https:\/\/www.moerk-metall.de\/\",\"name\":\"M\u00d6RK METALL\",\"description\":\"Blechbearbeitung - Metallbau\",\"publisher\":{\"@id\":\"https:\/\/www.moerk-metall.de\/#organization\"},\"potentialAction\":[{\"@type\":\"SearchAction\",\"target\":{\"@type\":\"EntryPoint\",\"urlTemplate\":\"https:\/\/www.moerk-metall.de\/?s={search_term_string}\"},\"query-input\":{\"@type\":\"PropertyValueSpecification\",\"valueRequired\":true,\"valueName\":\"search_term_string\"}}],\"inLanguage\":\"de\"},{\"@type\":\"Organization\",\"@id\":\"https:\/\/www.moerk-metall.de\/#organization\",\"name\":\"M\u00f6rk Blechbearbeitung GmbH\",\"url\":\"https:\/\/www.moerk-metall.de\/\",\"logo\":{\"@type\":\"ImageObject\",\"inLanguage\":\"de\",\"@id\":\"https:\/\/www.moerk-metall.de\/#\/schema\/logo\/image\/\",\"url\":\"https:\/\/www.moerk-metall.de\/wp-content\/uploads\/cropped-M\u00f6rk_Logo2_transparent.png\",\"contentUrl\":\"https:\/\/www.moerk-metall.de\/wp-content\/uploads\/cropped-M\u00f6rk_Logo2_transparent.png\",\"width\":470,\"height\":132,\"caption\":\"M\u00f6rk Blechbearbeitung GmbH\"},\"image\":{\"@id\":\"https:\/\/www.moerk-metall.de\/#\/schema\/logo\/image\/\"}}]}<\/script>\n<!-- \/ Yoast SEO plugin. -->","yoast_head_json":{"title":"Metallbauer (m\/w\/d) - M\u00d6RK METALL","description":"Stellenangebot als Metallbauer\/Schwei\u00dfer. MIG, MAG, WIG Verfahren. Gestelle und Schwei\u00dfkonstruktionen","robots":{"index":"index","follow":"follow","max-snippet":"max-snippet:-1","max-image-preview":"max-image-preview:large","max-video-preview":"max-video-preview:-1"},"canonical":"https:\/\/www.moerk-metall.de\/?page_id=569","og_locale":"de_DE","og_type":"article","og_title":"Metallbauer (m\/w\/d) - M\u00d6RK METALL","og_description":"Stellenangebot als Metallbauer\/Schwei\u00dfer. MIG, MAG, WIG Verfahren. Gestelle und Schwei\u00dfkonstruktionen","og_url":"https:\/\/www.moerk-metall.de\/?page_id=569","og_site_name":"M\u00d6RK METALL","article_modified_time":"2025-11-07T09:27:40+00:00","twitter_card":"summary_large_image","twitter_misc":{"Gesch\u00e4tzte Lesezeit":"1\u00a0Minute"},"schema":{"@context":"https:\/\/schema.org","@graph":[{"@type":"WebPage","@id":"https:\/\/www.moerk-metall.de\/?page_id=569","url":"https:\/\/www.moerk-metall.de\/?page_id=569","name":"Metallbauer (m\/w\/d) - M\u00d6RK METALL","isPartOf":{"@id":"https:\/\/www.moerk-metall.de\/#website"},"datePublished":"2020-11-26T18:11:33+00:00","dateModified":"2025-11-07T09:27:40+00:00","description":"Stellenangebot als Metallbauer\/Schwei\u00dfer. MIG, MAG, WIG Verfahren. Gestelle und Schwei\u00dfkonstruktionen","breadcrumb":{"@id":"https:\/\/www.moerk-metall.de\/?page_id=569#breadcrumb"},"inLanguage":"de","potentialAction":[{"@type":"ReadAction","target":["https:\/\/www.moerk-metall.de\/?page_id=569"]}]},{"@type":"BreadcrumbList","@id":"https:\/\/www.moerk-metall.de\/?page_id=569#breadcrumb","itemListElement":[{"@type":"ListItem","position":1,"name":"Startseite","item":"https:\/\/www.moerk-metall.de\/"},{"@type":"ListItem","position":2,"name":"Metallbauer (m\/w\/d)"}]},{"@type":"WebSite","@id":"https:\/\/www.moerk-metall.de\/#website","url":"https:\/\/www.moerk-metall.de\/","name":"M\u00d6RK METALL","description":"Blechbearbeitung - Metallbau","publisher":{"@id":"https:\/\/www.moerk-metall.de\/#organization"},"potentialAction":[{"@type":"SearchAction","target":{"@type":"EntryPoint","urlTemplate":"https:\/\/www.moerk-metall.de\/?s={search_term_string}"},"query-input":{"@type":"PropertyValueSpecification","valueRequired":true,"valueName":"search_term_string"}}],"inLanguage":"de"},{"@type":"Organization","@id":"https:\/\/www.moerk-metall.de\/#organization","name":"M\u00f6rk Blechbearbeitung GmbH","url":"https:\/\/www.moerk-metall.de\/","logo":{"@type":"ImageObject","inLanguage":"de","@id":"https:\/\/www.moerk-metall.de\/#\/schema\/logo\/image\/","url":"https:\/\/www.moerk-metall.de\/wp-content\/uploads\/cropped-M\u00f6rk_Logo2_transparent.png","contentUrl":"https:\/\/www.moerk-metall.de\/wp-content\/uploads\/cropped-M\u00f6rk_Logo2_transparent.png","width":470,"height":132,"caption":"M\u00f6rk Blechbearbeitung GmbH"},"image":{"@id":"https:\/\/www.moerk-metall.de\/#\/schema\/logo\/image\/"}}]}},"_links":{"self":[{"href":"https:\/\/www.moerk-metall.de\/index.php?rest_route=\/wp\/v2\/pages\/569"}],"collection":[{"href":"https:\/\/www.moerk-metall.de\/index.php?rest_route=\/wp\/v2\/pages"}],"about":[{"href":"https:\/\/www.moerk-metall.de\/index.php?rest_route=\/wp\/v2\/types\/page"}],"author":[{"embeddable":true,"href":"https:\/\/www.moerk-metall.de\/index.php?rest_route=\/wp\/v2\/users\/1"}],"replies":[{"embeddable":true,"href":"https:\/\/www.moerk-metall.de\/index.php?rest_route=%2Fwp%2Fv2%2Fcomments&post=569"}],"version-history":[{"count":7,"href":"https:\/\/www.moerk-metall.de\/index.php?rest_route=\/wp\/v2\/pages\/569\/revisions"}],"predecessor-version":[{"id":677,"href":"https:\/\/www.moerk-metall.de\/index.php?rest_route=\/wp\/v2\/pages\/569\/revisions\/677"}],"wp:attachment":[{"href":"https:\/\/www.moerk-metall.de\/index.php?rest_route=%2Fwp%2Fv2%2Fmedia&parent=569"}],"curies":[{"name":"wp","href":"https:\/\/api.w.org\/{rel}","templated":true}]}}