{"id":44,"date":"2013-02-09T18:31:07","date_gmt":"2013-02-09T17:31:07","guid":{"rendered":"http:\/\/www.moerk-metall.de\/m-neu\/?page_id=44"},"modified":"2024-07-19T11:27:51","modified_gmt":"2024-07-19T09:27:51","slug":"kontakt","status":"publish","type":"page","link":"https:\/\/www.moerk-metall.de\/?page_id=44","title":{"rendered":"Kontakt"},"content":{"rendered":"<p><strong>Wir freuen uns \u00fcber Ihre Anfragen. Schreiben Sie uns, rufen Sie uns an!<\/strong><\/p>\n<p><img loading=\"lazy\" decoding=\"async\" class=\"alignright wp-image-158\" src=\"https:\/\/www.moerk-metall.de\/dev\/wp-content\/uploads\/shutterstock_1420642463-300x200.jpg\" alt=\"Kontakt\" width=\"350\" height=\"233\" \/><\/p>\n<p><span style=\"color: #3c5897;\"><strong>M\u00f6rk Blechbearbeitung GmbH<\/strong><\/span><\/p>\n<p><i class=\"fas fa-map-marker-alt\"><\/i> \u00a0 Poststra\u00dfe 45, 71229 Leonberg<br \/>\n<i class=\"fas fa-phone-alt\"><\/i> \u00a0 07152 \/ 43586<br \/>\n<i class=\"fas fa-fax\"><\/i> \u00a0 07152 \/ 42516<\/p>\n<p><i class=\"fas fa-envelope\"><\/i> <a href=\"mailto:info@moerk-metall.de\">\u00a0info@moerk-metall.de<\/a><\/p>\n","protected":false},"excerpt":{"rendered":"<p>Wir freuen uns \u00fcber Ihre Anfragen. Schreiben Sie uns, rufen Sie uns an! M\u00f6rk Blechbearbeitung GmbH \u00a0 Poststra\u00dfe 45, 71229 Leonberg \u00a0 07152 \/ 43586 \u00a0 07152 \/ 42516 \u00a0info@moerk-metall.de<\/p>\n","protected":false},"author":1,"featured_media":0,"parent":0,"menu_order":4,"comment_status":"closed","ping_status":"closed","template":"","meta":{"footnotes":""},"class_list":["post-44","page","type-page","status-publish","hentry"],"yoast_head":"<!-- This site is optimized with the Yoast SEO plugin v25.5 - https:\/\/yoast.com\/wordpress\/plugins\/seo\/ -->\n<title>Kontakt - M\u00d6RK METALL<\/title>\n<meta name=\"robots\" content=\"index, follow, max-snippet:-1, max-image-preview:large, max-video-preview:-1\" \/>\n<link rel=\"canonical\" href=\"https:\/\/www.moerk-metall.de\/?page_id=44\" \/>\n<meta property=\"og:locale\" content=\"de_DE\" \/>\n<meta property=\"og:type\" content=\"article\" \/>\n<meta property=\"og:title\" content=\"Kontakt - M\u00d6RK METALL\" \/>\n<meta property=\"og:description\" content=\"Wir freuen uns \u00fcber Ihre Anfragen. Schreiben Sie uns, rufen Sie uns an! M\u00f6rk Blechbearbeitung GmbH \u00a0 Poststra\u00dfe 45, 71229 Leonberg \u00a0 07152 \/ 43586 \u00a0 07152 \/ 42516 \u00a0info@moerk-metall.de\" \/>\n<meta property=\"og:url\" content=\"https:\/\/www.moerk-metall.de\/?page_id=44\" \/>\n<meta property=\"og:site_name\" content=\"M\u00d6RK METALL\" \/>\n<meta property=\"article:modified_time\" content=\"2024-07-19T09:27:51+00:00\" \/>\n<meta property=\"og:image\" content=\"http:\/\/www.moerk-metall.de\/dev\/wp-content\/uploads\/shutterstock_1420642463-300x200.jpg\" \/>\n<meta name=\"twitter:card\" content=\"summary_large_image\" \/>\n<meta name=\"twitter:label1\" content=\"Gesch\u00e4tzte Lesezeit\" \/>\n\t<meta name=\"twitter:data1\" content=\"1\u00a0Minute\" \/>\n<script type=\"application\/ld+json\" class=\"yoast-schema-graph\">{\"@context\":\"https:\/\/schema.org\",\"@graph\":[{\"@type\":\"WebPage\",\"@id\":\"https:\/\/www.moerk-metall.de\/?page_id=44\",\"url\":\"https:\/\/www.moerk-metall.de\/?page_id=44\",\"name\":\"Kontakt - M\u00d6RK METALL\",\"isPartOf\":{\"@id\":\"https:\/\/www.moerk-metall.de\/#website\"},\"primaryImageOfPage\":{\"@id\":\"https:\/\/www.moerk-metall.de\/?page_id=44#primaryimage\"},\"image\":{\"@id\":\"https:\/\/www.moerk-metall.de\/?page_id=44#primaryimage\"},\"thumbnailUrl\":\"http:\/\/www.moerk-metall.de\/dev\/wp-content\/uploads\/shutterstock_1420642463-300x200.jpg\",\"datePublished\":\"2013-02-09T17:31:07+00:00\",\"dateModified\":\"2024-07-19T09:27:51+00:00\",\"breadcrumb\":{\"@id\":\"https:\/\/www.moerk-metall.de\/?page_id=44#breadcrumb\"},\"inLanguage\":\"de\",\"potentialAction\":[{\"@type\":\"ReadAction\",\"target\":[\"https:\/\/www.moerk-metall.de\/?page_id=44\"]}]},{\"@type\":\"ImageObject\",\"inLanguage\":\"de\",\"@id\":\"https:\/\/www.moerk-metall.de\/?page_id=44#primaryimage\",\"url\":\"http:\/\/www.moerk-metall.de\/dev\/wp-content\/uploads\/shutterstock_1420642463-300x200.jpg\",\"contentUrl\":\"http:\/\/www.moerk-metall.de\/dev\/wp-content\/uploads\/shutterstock_1420642463-300x200.jpg\"},{\"@type\":\"BreadcrumbList\",\"@id\":\"https:\/\/www.moerk-metall.de\/?page_id=44#breadcrumb\",\"itemListElement\":[{\"@type\":\"ListItem\",\"position\":1,\"name\":\"Startseite\",\"item\":\"https:\/\/www.moerk-metall.de\/\"},{\"@type\":\"ListItem\",\"position\":2,\"name\":\"Kontakt\"}]},{\"@type\":\"WebSite\",\"@id\":\"https:\/\/www.moerk-metall.de\/#website\",\"url\":\"https:\/\/www.moerk-metall.de\/\",\"name\":\"M\u00d6RK METALL\",\"description\":\"Blechbearbeitung - Metallbau\",\"publisher\":{\"@id\":\"https:\/\/www.moerk-metall.de\/#organization\"},\"potentialAction\":[{\"@type\":\"SearchAction\",\"target\":{\"@type\":\"EntryPoint\",\"urlTemplate\":\"https:\/\/www.moerk-metall.de\/?s={search_term_string}\"},\"query-input\":{\"@type\":\"PropertyValueSpecification\",\"valueRequired\":true,\"valueName\":\"search_term_string\"}}],\"inLanguage\":\"de\"},{\"@type\":\"Organization\",\"@id\":\"https:\/\/www.moerk-metall.de\/#organization\",\"name\":\"M\u00f6rk Blechbearbeitung GmbH\",\"url\":\"https:\/\/www.moerk-metall.de\/\",\"logo\":{\"@type\":\"ImageObject\",\"inLanguage\":\"de\",\"@id\":\"https:\/\/www.moerk-metall.de\/#\/schema\/logo\/image\/\",\"url\":\"https:\/\/www.moerk-metall.de\/wp-content\/uploads\/cropped-M\u00f6rk_Logo2_transparent.png\",\"contentUrl\":\"https:\/\/www.moerk-metall.de\/wp-content\/uploads\/cropped-M\u00f6rk_Logo2_transparent.png\",\"width\":470,\"height\":132,\"caption\":\"M\u00f6rk Blechbearbeitung GmbH\"},\"image\":{\"@id\":\"https:\/\/www.moerk-metall.de\/#\/schema\/logo\/image\/\"}}]}<\/script>\n<!-- \/ Yoast SEO plugin. -->","yoast_head_json":{"title":"Kontakt - M\u00d6RK METALL","robots":{"index":"index","follow":"follow","max-snippet":"max-snippet:-1","max-image-preview":"max-image-preview:large","max-video-preview":"max-video-preview:-1"},"canonical":"https:\/\/www.moerk-metall.de\/?page_id=44","og_locale":"de_DE","og_type":"article","og_title":"Kontakt - M\u00d6RK METALL","og_description":"Wir freuen uns \u00fcber Ihre Anfragen. Schreiben Sie uns, rufen Sie uns an! M\u00f6rk Blechbearbeitung GmbH \u00a0 Poststra\u00dfe 45, 71229 Leonberg \u00a0 07152 \/ 43586 \u00a0 07152 \/ 42516 \u00a0info@moerk-metall.de","og_url":"https:\/\/www.moerk-metall.de\/?page_id=44","og_site_name":"M\u00d6RK METALL","article_modified_time":"2024-07-19T09:27:51+00:00","og_image":[{"url":"http:\/\/www.moerk-metall.de\/dev\/wp-content\/uploads\/shutterstock_1420642463-300x200.jpg","type":"","width":"","height":""}],"twitter_card":"summary_large_image","twitter_misc":{"Gesch\u00e4tzte Lesezeit":"1\u00a0Minute"},"schema":{"@context":"https:\/\/schema.org","@graph":[{"@type":"WebPage","@id":"https:\/\/www.moerk-metall.de\/?page_id=44","url":"https:\/\/www.moerk-metall.de\/?page_id=44","name":"Kontakt - M\u00d6RK METALL","isPartOf":{"@id":"https:\/\/www.moerk-metall.de\/#website"},"primaryImageOfPage":{"@id":"https:\/\/www.moerk-metall.de\/?page_id=44#primaryimage"},"image":{"@id":"https:\/\/www.moerk-metall.de\/?page_id=44#primaryimage"},"thumbnailUrl":"http:\/\/www.moerk-metall.de\/dev\/wp-content\/uploads\/shutterstock_1420642463-300x200.jpg","datePublished":"2013-02-09T17:31:07+00:00","dateModified":"2024-07-19T09:27:51+00:00","breadcrumb":{"@id":"https:\/\/www.moerk-metall.de\/?page_id=44#breadcrumb"},"inLanguage":"de","potentialAction":[{"@type":"ReadAction","target":["https:\/\/www.moerk-metall.de\/?page_id=44"]}]},{"@type":"ImageObject","inLanguage":"de","@id":"https:\/\/www.moerk-metall.de\/?page_id=44#primaryimage","url":"http:\/\/www.moerk-metall.de\/dev\/wp-content\/uploads\/shutterstock_1420642463-300x200.jpg","contentUrl":"http:\/\/www.moerk-metall.de\/dev\/wp-content\/uploads\/shutterstock_1420642463-300x200.jpg"},{"@type":"BreadcrumbList","@id":"https:\/\/www.moerk-metall.de\/?page_id=44#breadcrumb","itemListElement":[{"@type":"ListItem","position":1,"name":"Startseite","item":"https:\/\/www.moerk-metall.de\/"},{"@type":"ListItem","position":2,"name":"Kontakt"}]},{"@type":"WebSite","@id":"https:\/\/www.moerk-metall.de\/#website","url":"https:\/\/www.moerk-metall.de\/","name":"M\u00d6RK METALL","description":"Blechbearbeitung - Metallbau","publisher":{"@id":"https:\/\/www.moerk-metall.de\/#organization"},"potentialAction":[{"@type":"SearchAction","target":{"@type":"EntryPoint","urlTemplate":"https:\/\/www.moerk-metall.de\/?s={search_term_string}"},"query-input":{"@type":"PropertyValueSpecification","valueRequired":true,"valueName":"search_term_string"}}],"inLanguage":"de"},{"@type":"Organization","@id":"https:\/\/www.moerk-metall.de\/#organization","name":"M\u00f6rk Blechbearbeitung GmbH","url":"https:\/\/www.moerk-metall.de\/","logo":{"@type":"ImageObject","inLanguage":"de","@id":"https:\/\/www.moerk-metall.de\/#\/schema\/logo\/image\/","url":"https:\/\/www.moerk-metall.de\/wp-content\/uploads\/cropped-M\u00f6rk_Logo2_transparent.png","contentUrl":"https:\/\/www.moerk-metall.de\/wp-content\/uploads\/cropped-M\u00f6rk_Logo2_transparent.png","width":470,"height":132,"caption":"M\u00f6rk Blechbearbeitung GmbH"},"image":{"@id":"https:\/\/www.moerk-metall.de\/#\/schema\/logo\/image\/"}}]}},"_links":{"self":[{"href":"https:\/\/www.moerk-metall.de\/index.php?rest_route=\/wp\/v2\/pages\/44"}],"collection":[{"href":"https:\/\/www.moerk-metall.de\/index.php?rest_route=\/wp\/v2\/pages"}],"about":[{"href":"https:\/\/www.moerk-metall.de\/index.php?rest_route=\/wp\/v2\/types\/page"}],"author":[{"embeddable":true,"href":"https:\/\/www.moerk-metall.de\/index.php?rest_route=\/wp\/v2\/users\/1"}],"replies":[{"embeddable":true,"href":"https:\/\/www.moerk-metall.de\/index.php?rest_route=%2Fwp%2Fv2%2Fcomments&post=44"}],"version-history":[{"count":14,"href":"https:\/\/www.moerk-metall.de\/index.php?rest_route=\/wp\/v2\/pages\/44\/revisions"}],"predecessor-version":[{"id":590,"href":"https:\/\/www.moerk-metall.de\/index.php?rest_route=\/wp\/v2\/pages\/44\/revisions\/590"}],"wp:attachment":[{"href":"https:\/\/www.moerk-metall.de\/index.php?rest_route=%2Fwp%2Fv2%2Fmedia&parent=44"}],"curies":[{"name":"wp","href":"https:\/\/api.w.org\/{rel}","templated":true}]}}