{"id":2,"date":"2013-02-09T15:25:36","date_gmt":"2013-02-09T15:25:36","guid":{"rendered":"http:\/\/www.moerk-metall.de\/m-neu\/?page_id=2"},"modified":"2021-10-07T09:53:07","modified_gmt":"2021-10-07T07:53:07","slug":"beispiel-seite","status":"publish","type":"page","link":"https:\/\/www.moerk-metall.de\/","title":{"rendered":"Blechbearbeitung + Metallbau + Laserteile"},"content":{"rendered":"<h1 style=\"text-align: center;\"><strong>M\u00d6RK METALL<\/strong><\/h1>\n<h2 style=\"text-align: center;\"><strong>Ihr Partner bei der Blechbearbeitung!<\/strong><\/h2>\n<p><img loading=\"lazy\" decoding=\"async\" class=\"alignright wp-image-283\" src=\"https:\/\/www.moerk-metall.de\/wp-content\/uploads\/Halle-21.jpg\" alt=\"M\u00f6rk Blechbearbeitung\" width=\"376\" height=\"264\" srcset=\"https:\/\/www.moerk-metall.de\/wp-content\/uploads\/Halle-21.jpg 627w, https:\/\/www.moerk-metall.de\/wp-content\/uploads\/Halle-21-200x140.jpg 200w, https:\/\/www.moerk-metall.de\/wp-content\/uploads\/Halle-21-300x210.jpg 300w\" sizes=\"(max-width: 376px) 100vw, 376px\" \/><\/p>\n<p>Wir sind Experte f\u00fcr Blechbearbeitung und Metallbau f\u00fcr Industrie und Handwerk.<\/p>\n<p>An unserem Standort in Leonberg bei Stuttgart fertigen wir f\u00fcr Sie <strong>Laserteile<\/strong>, <strong>Kantteile<\/strong> und <strong>Schwei\u00dfkonstruktionen<\/strong> jeder Art.<br \/>\nWir arbeiten auf modernen und leistungsf\u00e4higen <a href=\"https:\/\/www.moerk-metall.de\/?page_id=68\">Maschinen<\/a>. H\u00f6chste Pr\u00e4zision, gleichbleibend hohe Qualit\u00e4t und Termintreue zeichnen uns aus. Unsere Mitarbeiter garantieren durch ihre technische Expertise, dass auch die schwierigsten Teile gefertigt werden k\u00f6nnen, egal ob es sich um Prototypen oder Serienteile handelt. Auch komplexe Metallbaukonstruktionen k\u00f6nnen wir f\u00fcr Sie fertigen.<br \/>\nLernen Sie unsere vielf\u00e4ltigen <a href=\"https:\/\/www.moerk-metall.de\/?page_id=86\">Fertigungsm\u00f6glichkeiten<\/a> n\u00e4her kennen und profitieren auch Sie von unseren Leistungen:<\/p>\n<ul>\n<li><strong>Laserschneiden, biegen und schwei\u00dfen &#8211; alles aus einer Hand!<\/strong><\/li>\n<li><strong>St\u00fcckzahlen zwischen 1 und 25.000<\/strong><\/li>\n<li><strong>Alle g\u00e4ngigen Werkstoffe und Blechdicken m\u00f6glich, egal ob Baustahl, Edelstahl oder Aluminium<\/strong><\/li>\n<li><strong>Kurze Lieferzeiten<\/strong><\/li>\n<li><strong>Anlieferung mit eigenen Transportern m\u00f6glich<\/strong><\/li>\n<\/ul>\n<p>Sind Sie auf der Suche nach einem Partner f\u00fcr Laserteile, Blechbearbeitung und Metallbau im Raum Leonberg, Stuttgart, B\u00f6blingen oder dem Rest von Baden-W\u00fcrttemberg? Dann sind Sie bei M\u00f6rk Metall genau richtig.<\/p>\n<p>Nehmen Sie Kontakt mit uns auf, indem Sie uns eine Mail \u00fcber unsere <a title=\"Kontakt\" href=\"https:\/\/www.moerk-metall.de\/?page_id=44\">Kontaktseite <\/a>senden. Oder rufen Sie direkt an und fragen Sie nach Ihrem Angebot! Gerne stehen wir Ihnen rund um alle Themen der Metall- und Blechbearbeitung mit unserem Know-How und unserer langj\u00e4hrigen Erfahrung zur Seite.<\/p>\n<p>Unser Familienbetrieb besteht seit \u00fcber 110 Jahren und f\u00fcr die hohe Qualit\u00e4t unserer Leistungen stehe ich pers\u00f6nlich ein.<\/p>\n<p>J\u00fcrgen Wendel (Gesch\u00e4ftsf\u00fchrender Gesellschafter)<\/p>\n","protected":false},"excerpt":{"rendered":"<p>M\u00d6RK METALL Ihr Partner bei der Blechbearbeitung! Wir sind Experte f\u00fcr Blechbearbeitung und Metallbau f\u00fcr Industrie und Handwerk. An unserem Standort in Leonberg bei Stuttgart fertigen wir f\u00fcr Sie Laserteile, Kantteile und Schwei\u00dfkonstruktionen jeder Art. Wir arbeiten auf modernen und leistungsf\u00e4higen Maschinen. H\u00f6chste Pr\u00e4zision, gleichbleibend hohe Qualit\u00e4t und Termintreue zeichnen uns aus. Unsere Mitarbeiter garantieren &hellip;<\/p>\n<p class=\"read-more\"> <a class=\"\" href=\"https:\/\/www.moerk-metall.de\/\"> <span class=\"screen-reader-text\">Blechbearbeitung + Metallbau + Laserteile<\/span> Weiterlesen &raquo;<\/a><\/p>\n","protected":false},"author":1,"featured_media":0,"parent":0,"menu_order":0,"comment_status":"closed","ping_status":"open","template":"","meta":{"footnotes":""},"class_list":["post-2","page","type-page","status-publish","hentry"],"yoast_head":"<!-- This site is optimized with the Yoast SEO plugin v25.5 - https:\/\/yoast.com\/wordpress\/plugins\/seo\/ -->\n<title>Blechbearbeitung + Metallbau + Laserteile - M\u00d6RK METALL<\/title>\n<meta name=\"description\" content=\"Blechbearbeitung und Metallbau f\u00fcr Industrie und Handwerk. Experte f\u00fcr Laserteile, Kantteile und Schwei\u00dfkonstruktionen aller Art aus Leonberg bei Stuttgart.\" \/>\n<meta name=\"robots\" content=\"index, follow, max-snippet:-1, max-image-preview:large, max-video-preview:-1\" \/>\n<link rel=\"canonical\" href=\"https:\/\/www.moerk-metall.de\/\" \/>\n<meta property=\"og:locale\" content=\"de_DE\" \/>\n<meta property=\"og:type\" content=\"article\" \/>\n<meta property=\"og:title\" content=\"Blechbearbeitung + Metallbau + Laserteile - M\u00d6RK METALL\" \/>\n<meta property=\"og:description\" content=\"Blechbearbeitung und Metallbau f\u00fcr Industrie und Handwerk. Experte f\u00fcr Laserteile, Kantteile und Schwei\u00dfkonstruktionen aller Art aus Leonberg bei Stuttgart.\" \/>\n<meta property=\"og:url\" content=\"https:\/\/www.moerk-metall.de\/\" \/>\n<meta property=\"og:site_name\" content=\"M\u00d6RK METALL\" \/>\n<meta property=\"article:modified_time\" content=\"2021-10-07T07:53:07+00:00\" \/>\n<meta property=\"og:image\" content=\"http:\/\/www.moerk-metall.de\/wp-content\/uploads\/Halle-21.jpg\" \/>\n<meta name=\"twitter:card\" content=\"summary_large_image\" \/>\n<meta name=\"twitter:label1\" content=\"Gesch\u00e4tzte Lesezeit\" \/>\n\t<meta name=\"twitter:data1\" content=\"1\u00a0Minute\" \/>\n<script type=\"application\/ld+json\" class=\"yoast-schema-graph\">{\"@context\":\"https:\/\/schema.org\",\"@graph\":[{\"@type\":\"WebPage\",\"@id\":\"https:\/\/www.moerk-metall.de\/\",\"url\":\"https:\/\/www.moerk-metall.de\/\",\"name\":\"Blechbearbeitung + Metallbau + Laserteile - M\u00d6RK METALL\",\"isPartOf\":{\"@id\":\"https:\/\/www.moerk-metall.de\/#website\"},\"primaryImageOfPage\":{\"@id\":\"https:\/\/www.moerk-metall.de\/#primaryimage\"},\"image\":{\"@id\":\"https:\/\/www.moerk-metall.de\/#primaryimage\"},\"thumbnailUrl\":\"http:\/\/www.moerk-metall.de\/wp-content\/uploads\/Halle-21.jpg\",\"datePublished\":\"2013-02-09T15:25:36+00:00\",\"dateModified\":\"2021-10-07T07:53:07+00:00\",\"description\":\"Blechbearbeitung und Metallbau f\u00fcr Industrie und Handwerk. Experte f\u00fcr Laserteile, Kantteile und Schwei\u00dfkonstruktionen aller Art aus Leonberg bei Stuttgart.\",\"breadcrumb\":{\"@id\":\"https:\/\/www.moerk-metall.de\/#breadcrumb\"},\"inLanguage\":\"de\",\"potentialAction\":[{\"@type\":\"ReadAction\",\"target\":[\"https:\/\/www.moerk-metall.de\/\"]}]},{\"@type\":\"ImageObject\",\"inLanguage\":\"de\",\"@id\":\"https:\/\/www.moerk-metall.de\/#primaryimage\",\"url\":\"https:\/\/www.moerk-metall.de\/wp-content\/uploads\/Halle-21.jpg\",\"contentUrl\":\"https:\/\/www.moerk-metall.de\/wp-content\/uploads\/Halle-21.jpg\",\"width\":627,\"height\":440},{\"@type\":\"BreadcrumbList\",\"@id\":\"https:\/\/www.moerk-metall.de\/#breadcrumb\",\"itemListElement\":[{\"@type\":\"ListItem\",\"position\":1,\"name\":\"Startseite\",\"item\":\"https:\/\/www.moerk-metall.de\/\"},{\"@type\":\"ListItem\",\"position\":2,\"name\":\"Blechbearbeitung + Metallbau + Laserteile\"}]},{\"@type\":\"WebSite\",\"@id\":\"https:\/\/www.moerk-metall.de\/#website\",\"url\":\"https:\/\/www.moerk-metall.de\/\",\"name\":\"M\u00d6RK METALL\",\"description\":\"Blechbearbeitung - Metallbau\",\"publisher\":{\"@id\":\"https:\/\/www.moerk-metall.de\/#organization\"},\"potentialAction\":[{\"@type\":\"SearchAction\",\"target\":{\"@type\":\"EntryPoint\",\"urlTemplate\":\"https:\/\/www.moerk-metall.de\/?s={search_term_string}\"},\"query-input\":{\"@type\":\"PropertyValueSpecification\",\"valueRequired\":true,\"valueName\":\"search_term_string\"}}],\"inLanguage\":\"de\"},{\"@type\":\"Organization\",\"@id\":\"https:\/\/www.moerk-metall.de\/#organization\",\"name\":\"M\u00f6rk Blechbearbeitung GmbH\",\"url\":\"https:\/\/www.moerk-metall.de\/\",\"logo\":{\"@type\":\"ImageObject\",\"inLanguage\":\"de\",\"@id\":\"https:\/\/www.moerk-metall.de\/#\/schema\/logo\/image\/\",\"url\":\"https:\/\/www.moerk-metall.de\/wp-content\/uploads\/cropped-M\u00f6rk_Logo2_transparent.png\",\"contentUrl\":\"https:\/\/www.moerk-metall.de\/wp-content\/uploads\/cropped-M\u00f6rk_Logo2_transparent.png\",\"width\":470,\"height\":132,\"caption\":\"M\u00f6rk Blechbearbeitung GmbH\"},\"image\":{\"@id\":\"https:\/\/www.moerk-metall.de\/#\/schema\/logo\/image\/\"}}]}<\/script>\n<!-- \/ Yoast SEO plugin. -->","yoast_head_json":{"title":"Blechbearbeitung + Metallbau + Laserteile - M\u00d6RK METALL","description":"Blechbearbeitung und Metallbau f\u00fcr Industrie und Handwerk. Experte f\u00fcr Laserteile, Kantteile und Schwei\u00dfkonstruktionen aller Art aus Leonberg bei Stuttgart.","robots":{"index":"index","follow":"follow","max-snippet":"max-snippet:-1","max-image-preview":"max-image-preview:large","max-video-preview":"max-video-preview:-1"},"canonical":"https:\/\/www.moerk-metall.de\/","og_locale":"de_DE","og_type":"article","og_title":"Blechbearbeitung + Metallbau + Laserteile - M\u00d6RK METALL","og_description":"Blechbearbeitung und Metallbau f\u00fcr Industrie und Handwerk. Experte f\u00fcr Laserteile, Kantteile und Schwei\u00dfkonstruktionen aller Art aus Leonberg bei Stuttgart.","og_url":"https:\/\/www.moerk-metall.de\/","og_site_name":"M\u00d6RK METALL","article_modified_time":"2021-10-07T07:53:07+00:00","og_image":[{"url":"http:\/\/www.moerk-metall.de\/wp-content\/uploads\/Halle-21.jpg","type":"","width":"","height":""}],"twitter_card":"summary_large_image","twitter_misc":{"Gesch\u00e4tzte Lesezeit":"1\u00a0Minute"},"schema":{"@context":"https:\/\/schema.org","@graph":[{"@type":"WebPage","@id":"https:\/\/www.moerk-metall.de\/","url":"https:\/\/www.moerk-metall.de\/","name":"Blechbearbeitung + Metallbau + Laserteile - M\u00d6RK METALL","isPartOf":{"@id":"https:\/\/www.moerk-metall.de\/#website"},"primaryImageOfPage":{"@id":"https:\/\/www.moerk-metall.de\/#primaryimage"},"image":{"@id":"https:\/\/www.moerk-metall.de\/#primaryimage"},"thumbnailUrl":"http:\/\/www.moerk-metall.de\/wp-content\/uploads\/Halle-21.jpg","datePublished":"2013-02-09T15:25:36+00:00","dateModified":"2021-10-07T07:53:07+00:00","description":"Blechbearbeitung und Metallbau f\u00fcr Industrie und Handwerk. Experte f\u00fcr Laserteile, Kantteile und Schwei\u00dfkonstruktionen aller Art aus Leonberg bei Stuttgart.","breadcrumb":{"@id":"https:\/\/www.moerk-metall.de\/#breadcrumb"},"inLanguage":"de","potentialAction":[{"@type":"ReadAction","target":["https:\/\/www.moerk-metall.de\/"]}]},{"@type":"ImageObject","inLanguage":"de","@id":"https:\/\/www.moerk-metall.de\/#primaryimage","url":"https:\/\/www.moerk-metall.de\/wp-content\/uploads\/Halle-21.jpg","contentUrl":"https:\/\/www.moerk-metall.de\/wp-content\/uploads\/Halle-21.jpg","width":627,"height":440},{"@type":"BreadcrumbList","@id":"https:\/\/www.moerk-metall.de\/#breadcrumb","itemListElement":[{"@type":"ListItem","position":1,"name":"Startseite","item":"https:\/\/www.moerk-metall.de\/"},{"@type":"ListItem","position":2,"name":"Blechbearbeitung + Metallbau + Laserteile"}]},{"@type":"WebSite","@id":"https:\/\/www.moerk-metall.de\/#website","url":"https:\/\/www.moerk-metall.de\/","name":"M\u00d6RK METALL","description":"Blechbearbeitung - Metallbau","publisher":{"@id":"https:\/\/www.moerk-metall.de\/#organization"},"potentialAction":[{"@type":"SearchAction","target":{"@type":"EntryPoint","urlTemplate":"https:\/\/www.moerk-metall.de\/?s={search_term_string}"},"query-input":{"@type":"PropertyValueSpecification","valueRequired":true,"valueName":"search_term_string"}}],"inLanguage":"de"},{"@type":"Organization","@id":"https:\/\/www.moerk-metall.de\/#organization","name":"M\u00f6rk Blechbearbeitung GmbH","url":"https:\/\/www.moerk-metall.de\/","logo":{"@type":"ImageObject","inLanguage":"de","@id":"https:\/\/www.moerk-metall.de\/#\/schema\/logo\/image\/","url":"https:\/\/www.moerk-metall.de\/wp-content\/uploads\/cropped-M\u00f6rk_Logo2_transparent.png","contentUrl":"https:\/\/www.moerk-metall.de\/wp-content\/uploads\/cropped-M\u00f6rk_Logo2_transparent.png","width":470,"height":132,"caption":"M\u00f6rk Blechbearbeitung GmbH"},"image":{"@id":"https:\/\/www.moerk-metall.de\/#\/schema\/logo\/image\/"}}]}},"_links":{"self":[{"href":"https:\/\/www.moerk-metall.de\/index.php?rest_route=\/wp\/v2\/pages\/2"}],"collection":[{"href":"https:\/\/www.moerk-metall.de\/index.php?rest_route=\/wp\/v2\/pages"}],"about":[{"href":"https:\/\/www.moerk-metall.de\/index.php?rest_route=\/wp\/v2\/types\/page"}],"author":[{"embeddable":true,"href":"https:\/\/www.moerk-metall.de\/index.php?rest_route=\/wp\/v2\/users\/1"}],"replies":[{"embeddable":true,"href":"https:\/\/www.moerk-metall.de\/index.php?rest_route=%2Fwp%2Fv2%2Fcomments&post=2"}],"version-history":[{"count":76,"href":"https:\/\/www.moerk-metall.de\/index.php?rest_route=\/wp\/v2\/pages\/2\/revisions"}],"predecessor-version":[{"id":621,"href":"https:\/\/www.moerk-metall.de\/index.php?rest_route=\/wp\/v2\/pages\/2\/revisions\/621"}],"wp:attachment":[{"href":"https:\/\/www.moerk-metall.de\/index.php?rest_route=%2Fwp%2Fv2%2Fmedia&parent=2"}],"curies":[{"name":"wp","href":"https:\/\/api.w.org\/{rel}","templated":true}]}}