{"id":188,"date":"2013-02-15T10:45:36","date_gmt":"2013-02-15T09:45:36","guid":{"rendered":"http:\/\/www.moerk-metall.de\/m-neu\/?page_id=188"},"modified":"2025-11-07T11:03:43","modified_gmt":"2025-11-07T10:03:43","slug":"aktuelles","status":"publish","type":"page","link":"https:\/\/www.moerk-metall.de\/?page_id=188","title":{"rendered":"Aktuelles"},"content":{"rendered":"<p><strong>Oktober 2025<\/strong><br \/>\nDie alte Lasermaschine TruLaser 5060 wird nach 15 Jahren durch eine Laserschneidmaschine TruLaser 3060 fiber der neusten Generation ersetzt. Mit dieser Investition sind wir f\u00fcr die Zukunft bestens ger\u00fcstet und freuen uns darauf auch Ihre Teile auf unseren hochmodernen Maschinen fertigen zu d\u00fcrfen.<\/p>\n<p><img loading=\"lazy\" decoding=\"async\" class=\"aligncenter wp-image-712\" src=\"https:\/\/www.moerk-metall.de\/wp-content\/uploads\/IMG_8164-768x1024.jpeg\" alt=\"\" width=\"375\" height=\"500\" srcset=\"https:\/\/www.moerk-metall.de\/wp-content\/uploads\/IMG_8164-768x1024.jpeg 768w, https:\/\/www.moerk-metall.de\/wp-content\/uploads\/IMG_8164-225x300.jpeg 225w, https:\/\/www.moerk-metall.de\/wp-content\/uploads\/IMG_8164-1152x1536.jpeg 1152w, https:\/\/www.moerk-metall.de\/wp-content\/uploads\/IMG_8164-1536x2048.jpeg 1536w, https:\/\/www.moerk-metall.de\/wp-content\/uploads\/IMG_8164-scaled.jpeg 1920w\" sizes=\"(max-width: 375px) 100vw, 375px\" \/><\/p>\n<p><img loading=\"lazy\" decoding=\"async\" class=\"aligncenter wp-image-713\" src=\"https:\/\/www.moerk-metall.de\/wp-content\/uploads\/IMG_8168-768x1024.jpeg\" alt=\"\" width=\"375\" height=\"500\" srcset=\"https:\/\/www.moerk-metall.de\/wp-content\/uploads\/IMG_8168-768x1024.jpeg 768w, https:\/\/www.moerk-metall.de\/wp-content\/uploads\/IMG_8168-225x300.jpeg 225w, https:\/\/www.moerk-metall.de\/wp-content\/uploads\/IMG_8168-1152x1536.jpeg 1152w, https:\/\/www.moerk-metall.de\/wp-content\/uploads\/IMG_8168-1536x2048.jpeg 1536w, https:\/\/www.moerk-metall.de\/wp-content\/uploads\/IMG_8168-scaled.jpeg 1920w\" sizes=\"(max-width: 375px) 100vw, 375px\" \/><\/p>\n<p><img loading=\"lazy\" decoding=\"async\" class=\"aligncenter wp-image-714\" src=\"https:\/\/www.moerk-metall.de\/wp-content\/uploads\/IMG_8204-1024x768.jpeg\" alt=\"\" width=\"667\" height=\"500\" srcset=\"https:\/\/www.moerk-metall.de\/wp-content\/uploads\/IMG_8204-1024x768.jpeg 1024w, https:\/\/www.moerk-metall.de\/wp-content\/uploads\/IMG_8204-300x225.jpeg 300w, https:\/\/www.moerk-metall.de\/wp-content\/uploads\/IMG_8204-768x576.jpeg 768w, https:\/\/www.moerk-metall.de\/wp-content\/uploads\/IMG_8204-1536x1152.jpeg 1536w, https:\/\/www.moerk-metall.de\/wp-content\/uploads\/IMG_8204-2048x1536.jpeg 2048w\" sizes=\"(max-width: 667px) 100vw, 667px\" \/><\/p>\n<p><strong>September 2023<\/strong><br \/>\nInstallation einer zus\u00e4tzlichen Biegemaschine TRUMPF TruBend 5170. Mit dieser k\u00f6nnen wir Kantteile noch produktiver und durch das lasergest\u00fctze Winkelmesssystem auch noch genauer fertigen.<\/p>\n<p><img loading=\"lazy\" decoding=\"async\" class=\"aligncenter wp-image-711\" src=\"https:\/\/www.moerk-metall.de\/wp-content\/uploads\/IMG_4992-scaled-e1762509331362-201x300.jpeg\" alt=\"\" width=\"335\" height=\"500\" srcset=\"https:\/\/www.moerk-metall.de\/wp-content\/uploads\/IMG_4992-scaled-e1762509331362-201x300.jpeg 201w, https:\/\/www.moerk-metall.de\/wp-content\/uploads\/IMG_4992-scaled-e1762509331362-686x1024.jpeg 686w, https:\/\/www.moerk-metall.de\/wp-content\/uploads\/IMG_4992-scaled-e1762509331362-768x1146.jpeg 768w, https:\/\/www.moerk-metall.de\/wp-content\/uploads\/IMG_4992-scaled-e1762509331362-1029x1536.jpeg 1029w, https:\/\/www.moerk-metall.de\/wp-content\/uploads\/IMG_4992-scaled-e1762509331362-1372x2048.jpeg 1372w, https:\/\/www.moerk-metall.de\/wp-content\/uploads\/IMG_4992-scaled-e1762509331362.jpeg 1463w\" sizes=\"(max-width: 335px) 100vw, 335px\" \/><\/p>\n<p><img loading=\"lazy\" decoding=\"async\" class=\"aligncenter wp-image-718\" src=\"https:\/\/www.moerk-metall.de\/wp-content\/uploads\/IMG_8268-1024x768.jpeg\" alt=\"\" width=\"667\" height=\"500\" srcset=\"https:\/\/www.moerk-metall.de\/wp-content\/uploads\/IMG_8268-1024x768.jpeg 1024w, https:\/\/www.moerk-metall.de\/wp-content\/uploads\/IMG_8268-300x225.jpeg 300w, https:\/\/www.moerk-metall.de\/wp-content\/uploads\/IMG_8268-768x576.jpeg 768w, https:\/\/www.moerk-metall.de\/wp-content\/uploads\/IMG_8268-1536x1152.jpeg 1536w, https:\/\/www.moerk-metall.de\/wp-content\/uploads\/IMG_8268-2048x1536.jpeg 2048w\" sizes=\"(max-width: 667px) 100vw, 667px\" \/><\/p>\n<p><strong>November 2022<\/strong><br \/>\nInbetriebnahme unserer Photovoltaikanlage, mit der wir einen gro\u00dfen Teil unseres Stroms zuk\u00fcnftig selbst produzieren k\u00f6nnen. Die Anlage mit 298 PV-Modulen spart pro Jahr ca. 80 Tonnen CO2 ein.<\/p>\n<p><img loading=\"lazy\" decoding=\"async\" class=\"aligncenter wp-image-646\" src=\"https:\/\/www.moerk-metall.de\/wp-content\/uploads\/PV_alteHalle-300x265.jpg\" alt=\"\" width=\"540\" height=\"477\" srcset=\"https:\/\/www.moerk-metall.de\/wp-content\/uploads\/PV_alteHalle-300x265.jpg 300w, https:\/\/www.moerk-metall.de\/wp-content\/uploads\/PV_alteHalle-768x678.jpg 768w, https:\/\/www.moerk-metall.de\/wp-content\/uploads\/PV_alteHalle.jpg 856w\" sizes=\"(max-width: 540px) 100vw, 540px\" \/><\/p>\n<p><img loading=\"lazy\" decoding=\"async\" class=\"aligncenter wp-image-647\" src=\"https:\/\/www.moerk-metall.de\/wp-content\/uploads\/PV_neueHalle1-300x285.jpg\" alt=\"\" width=\"540\" height=\"514\" srcset=\"https:\/\/www.moerk-metall.de\/wp-content\/uploads\/PV_neueHalle1-300x285.jpg 300w, https:\/\/www.moerk-metall.de\/wp-content\/uploads\/PV_neueHalle1-768x731.jpg 768w, https:\/\/www.moerk-metall.de\/wp-content\/uploads\/PV_neueHalle1.jpg 867w\" sizes=\"(max-width: 540px) 100vw, 540px\" \/><\/p>\n<p><strong>Oktober 2021<\/strong><br \/>\nNeuerwerb einer Timesavers Schleif- und Entgratmaschine. Mit dieser k\u00f6nnen wir Laserteile schnell entgraten und die Oberfl\u00e4che schleifen.<\/p>\n<p><img loading=\"lazy\" decoding=\"async\" class=\"aligncenter wp-image-612\" src=\"https:\/\/www.moerk-metall.de\/wp-content\/uploads\/IMG_2260-scaled-e1632926332556-298x300.jpeg\" alt=\"Timesavers 10\" width=\"540\" height=\"543\" srcset=\"https:\/\/www.moerk-metall.de\/wp-content\/uploads\/IMG_2260-scaled-e1632926332556-298x300.jpeg 298w, https:\/\/www.moerk-metall.de\/wp-content\/uploads\/IMG_2260-scaled-e1632926332556-1018x1024.jpeg 1018w, https:\/\/www.moerk-metall.de\/wp-content\/uploads\/IMG_2260-scaled-e1632926332556-200x200.jpeg 200w, https:\/\/www.moerk-metall.de\/wp-content\/uploads\/IMG_2260-scaled-e1632926332556-768x772.jpeg 768w, https:\/\/www.moerk-metall.de\/wp-content\/uploads\/IMG_2260-scaled-e1632926332556-1527x1536.jpeg 1527w, https:\/\/www.moerk-metall.de\/wp-content\/uploads\/IMG_2260-scaled-e1632926332556-2036x2048.jpeg 2036w\" sizes=\"(max-width: 540px) 100vw, 540px\" \/><\/p>\n<p><strong>Juni 2021<\/strong><br \/>\nAnschaffung einer Fliehkraft-Gleitschleifanlage. Mit dieser k\u00f6nnen wir Kleinteile in gro\u00dfen St\u00fcckzahlen trowalisieren und damit die Kanten entgraten und verrunden.<\/p>\n<p><img loading=\"lazy\" decoding=\"async\" class=\"aligncenter wp-image-593\" src=\"https:\/\/www.moerk-metall.de\/wp-content\/uploads\/trowal1-300x219.jpeg\" alt=\"\" width=\"540\" height=\"395\" srcset=\"https:\/\/www.moerk-metall.de\/wp-content\/uploads\/trowal1-300x219.jpeg 300w, https:\/\/www.moerk-metall.de\/wp-content\/uploads\/trowal1-1024x748.jpeg 1024w, https:\/\/www.moerk-metall.de\/wp-content\/uploads\/trowal1-768x561.jpeg 768w, https:\/\/www.moerk-metall.de\/wp-content\/uploads\/trowal1-1536x1123.jpeg 1536w, https:\/\/www.moerk-metall.de\/wp-content\/uploads\/trowal1.jpeg 1902w\" sizes=\"(max-width: 540px) 100vw, 540px\" \/><\/p>\n<p><strong>Februar 2020<\/strong><br \/>\nNach \u00fcber 17 Jahren im Dienst wird die bisherige Laserschneidmaschine TruLaser 3030 abgebaut.<\/p>\n<p><img loading=\"lazy\" decoding=\"async\" class=\"aligncenter wp-image-434\" src=\"https:\/\/www.moerk-metall.de\/wp-content\/uploads\/IMG_1147-300x225.jpg\" alt=\"Trumpf Lasermaschine\" width=\"540\" height=\"405\" srcset=\"https:\/\/www.moerk-metall.de\/wp-content\/uploads\/IMG_1147-300x225.jpg 300w, https:\/\/www.moerk-metall.de\/wp-content\/uploads\/IMG_1147-768x576.jpg 768w, https:\/\/www.moerk-metall.de\/wp-content\/uploads\/IMG_1147-1024x768.jpg 1024w, https:\/\/www.moerk-metall.de\/wp-content\/uploads\/IMG_1147.jpg 2016w\" sizes=\"(max-width: 540px) 100vw, 540px\" \/><\/p>\n<p>Sie wird durch eine neue TruLaser 3030 fiber ersetzt. Mit dieser k\u00f6nnen wir flexibler und deutlich schneller produzieren und unsere Wettbewerbsf\u00e4higkeit weiter steigern.<\/p>\n<p><img loading=\"lazy\" decoding=\"async\" class=\"aligncenter wp-image-435\" src=\"https:\/\/www.moerk-metall.de\/wp-content\/uploads\/IMG_1166-300x225.jpg\" alt=\"Trumpf Lasermaschine\" width=\"540\" height=\"405\" srcset=\"https:\/\/www.moerk-metall.de\/wp-content\/uploads\/IMG_1166-300x225.jpg 300w, https:\/\/www.moerk-metall.de\/wp-content\/uploads\/IMG_1166-768x576.jpg 768w, https:\/\/www.moerk-metall.de\/wp-content\/uploads\/IMG_1166-1024x768.jpg 1024w, https:\/\/www.moerk-metall.de\/wp-content\/uploads\/IMG_1166.jpg 2016w\" sizes=\"(max-width: 540px) 100vw, 540px\" \/><\/p>\n<p><img loading=\"lazy\" decoding=\"async\" class=\"aligncenter wp-image-436\" src=\"https:\/\/www.moerk-metall.de\/wp-content\/uploads\/IMG_1216-300x225.jpg\" alt=\"Trumpf Lasermaschine\" width=\"540\" height=\"405\" srcset=\"https:\/\/www.moerk-metall.de\/wp-content\/uploads\/IMG_1216-300x225.jpg 300w, https:\/\/www.moerk-metall.de\/wp-content\/uploads\/IMG_1216-768x576.jpg 768w, https:\/\/www.moerk-metall.de\/wp-content\/uploads\/IMG_1216-1024x768.jpg 1024w, https:\/\/www.moerk-metall.de\/wp-content\/uploads\/IMG_1216.jpg 2016w\" sizes=\"(max-width: 540px) 100vw, 540px\" \/><\/p>\n<p><strong>September 2019<\/strong><br \/>\nAnschaffung einer neuen Rundbiegemaschine mit konischen Walzen. Diese erm\u00f6glicht uns die Herstellung von Konen ab einem Durchmesser von 160 mm in hervorragender Qualit\u00e4t.<\/p>\n<p><img loading=\"lazy\" decoding=\"async\" class=\"aligncenter wp-image-424\" src=\"https:\/\/www.moerk-metall.de\/wp-content\/uploads\/IMG_0998.jpg\" alt=\"Rundmaschine\" width=\"550\" height=\"413\" \/><\/p>\n<p><strong>Januar 2019<\/strong><br \/>\nUm die Position der Firma zu st\u00e4rken und die Zukunft langfristig zu sichern geht der operative Betrieb der Hermann M\u00f6rk GmbH &amp; Co. KG auf die neu gegr\u00fcndete M\u00f6rk Blechbearbeitung GmbH \u00fcber. Zus\u00e4tzlich zu J\u00fcrgen Wendel tritt Michael Manogg als neuer Gesch\u00e4ftsf\u00fchrer in das Unternehmen ein. Er k\u00fcmmert sich zuk\u00fcnftig um die Bereiche Administration, Finanzen und Digitalisierung.<\/p>\n<p>Die Ihnen bekannten Ansprechpartner sind f\u00fcr Sie weiterhin unter den gewohnten Anschriften, Telefonnummern und Mailadressen erreichbar und freuen sich darauf, sich Ihrer Anliegen anzunehmen.<span class=\"Apple-converted-space\">\u00a0<\/span><\/p>\n<p><strong>Februar 2011<\/strong><br \/>\nDie neue Maschine ist aufgestellt<\/p>\n<p style=\"text-align: center;\"><img loading=\"lazy\" decoding=\"async\" class=\"aligncenter wp-image-193\" src=\"https:\/\/www.moerk-metall.de\/wp-content\/uploads\/2013\/02\/IMG_5324.jpg\" alt=\"Trumpf Lasermaschine\" width=\"553\" height=\"369\" srcset=\"https:\/\/www.moerk-metall.de\/wp-content\/uploads\/2013\/02\/IMG_5324.jpg 614w, https:\/\/www.moerk-metall.de\/wp-content\/uploads\/2013\/02\/IMG_5324-300x200.jpg 300w\" sizes=\"(max-width: 553px) 100vw, 553px\" \/><\/p>\n<p style=\"text-align: left;\"><strong>Oktober 2009<\/strong><br \/>\nDie neue Halle ist fertiggestellt und bezogen<\/p>\n<p style=\"text-align: left;\"><img loading=\"lazy\" decoding=\"async\" class=\"aligncenter wp-image-281\" src=\"https:\/\/www.moerk-metall.de\/wp-content\/uploads\/Halle-1.jpg\" alt=\"Neue Prosuktionshalle\" width=\"586\" height=\"347\" srcset=\"https:\/\/www.moerk-metall.de\/wp-content\/uploads\/Halle-1.jpg 733w, https:\/\/www.moerk-metall.de\/wp-content\/uploads\/Halle-1-200x118.jpg 200w, https:\/\/www.moerk-metall.de\/wp-content\/uploads\/Halle-1-300x177.jpg 300w\" sizes=\"(max-width: 586px) 100vw, 586px\" \/><\/p>\n<p><strong>Februar 2009<\/strong><br \/>\nWir bebauen unser Gel\u00e4nde nebenan, um zu expandieren. 1100 m\u00b2 neue Produktionsfl\u00e4che entstehen hier<\/p>\n<p><img loading=\"lazy\" decoding=\"async\" class=\"aligncenter wp-image-191 size-full\" src=\"https:\/\/www.moerk-metall.de\/wp-content\/uploads\/2013\/02\/halle1_600.jpg\" alt=\"Bau neue Produktionshalle\" width=\"601\" height=\"380\" srcset=\"https:\/\/www.moerk-metall.de\/wp-content\/uploads\/2013\/02\/halle1_600.jpg 601w, https:\/\/www.moerk-metall.de\/wp-content\/uploads\/2013\/02\/halle1_600-300x189.jpg 300w\" sizes=\"(max-width: 601px) 100vw, 601px\" \/><\/p>\n<p><strong>Februar 2002<br \/>\n<\/strong>Meisterarbeit von unserem Fertigungsmeister Andreas Geyer<\/p>\n<p><img loading=\"lazy\" decoding=\"async\" class=\"aligncenter wp-image-246 size-full\" src=\"https:\/\/www.moerk-metall.de\/wp-content\/uploads\/2013\/02\/Grill1.jpg\" alt=\"Meisterst\u00fcck Grill\" width=\"212\" height=\"446\" srcset=\"https:\/\/www.moerk-metall.de\/wp-content\/uploads\/2013\/02\/Grill1.jpg 212w, https:\/\/www.moerk-metall.de\/wp-content\/uploads\/2013\/02\/Grill1-142x300.jpg 142w\" sizes=\"(max-width: 212px) 100vw, 212px\" \/><\/p>\n","protected":false},"excerpt":{"rendered":"<p>Oktober 2025 Die alte Lasermaschine TruLaser 5060 wird nach 15 Jahren durch eine Laserschneidmaschine TruLaser 3060 fiber der neusten Generation ersetzt. Mit dieser Investition sind wir f\u00fcr die Zukunft bestens ger\u00fcstet und freuen uns darauf auch Ihre Teile auf unseren hochmodernen Maschinen fertigen zu d\u00fcrfen. September 2023 Installation einer zus\u00e4tzlichen Biegemaschine TRUMPF TruBend 5170. Mit &hellip;<\/p>\n<p class=\"read-more\"> <a class=\"\" href=\"https:\/\/www.moerk-metall.de\/?page_id=188\"> <span class=\"screen-reader-text\">Aktuelles<\/span> Weiterlesen &raquo;<\/a><\/p>\n","protected":false},"author":1,"featured_media":0,"parent":0,"menu_order":3,"comment_status":"closed","ping_status":"open","template":"","meta":{"footnotes":""},"class_list":["post-188","page","type-page","status-publish","hentry"],"yoast_head":"<!-- This site is optimized with the Yoast SEO plugin v25.5 - https:\/\/yoast.com\/wordpress\/plugins\/seo\/ -->\n<title>Aktuelles - M\u00d6RK METALL<\/title>\n<meta name=\"robots\" content=\"index, follow, max-snippet:-1, max-image-preview:large, max-video-preview:-1\" \/>\n<link rel=\"canonical\" href=\"https:\/\/www.moerk-metall.de\/?page_id=188\" \/>\n<meta property=\"og:locale\" content=\"de_DE\" \/>\n<meta property=\"og:type\" content=\"article\" \/>\n<meta property=\"og:title\" content=\"Aktuelles - M\u00d6RK METALL\" \/>\n<meta property=\"og:description\" content=\"Oktober 2025 Die alte Lasermaschine TruLaser 5060 wird nach 15 Jahren durch eine Laserschneidmaschine TruLaser 3060 fiber der neusten Generation ersetzt. Mit dieser Investition sind wir f\u00fcr die Zukunft bestens ger\u00fcstet und freuen uns darauf auch Ihre Teile auf unseren hochmodernen Maschinen fertigen zu d\u00fcrfen. September 2023 Installation einer zus\u00e4tzlichen Biegemaschine TRUMPF TruBend 5170. Mit &hellip; Aktuelles Weiterlesen &raquo;\" \/>\n<meta property=\"og:url\" content=\"https:\/\/www.moerk-metall.de\/?page_id=188\" \/>\n<meta property=\"og:site_name\" content=\"M\u00d6RK METALL\" \/>\n<meta property=\"article:modified_time\" content=\"2025-11-07T10:03:43+00:00\" \/>\n<meta property=\"og:image\" content=\"https:\/\/www.moerk-metall.de\/wp-content\/uploads\/IMG_8164-scaled.jpeg\" \/>\n\t<meta property=\"og:image:width\" content=\"1920\" \/>\n\t<meta property=\"og:image:height\" content=\"2560\" \/>\n\t<meta property=\"og:image:type\" content=\"image\/jpeg\" \/>\n<meta name=\"twitter:card\" content=\"summary_large_image\" \/>\n<meta name=\"twitter:label1\" content=\"Gesch\u00e4tzte Lesezeit\" \/>\n\t<meta name=\"twitter:data1\" content=\"6\u00a0Minuten\" \/>\n<script type=\"application\/ld+json\" class=\"yoast-schema-graph\">{\"@context\":\"https:\/\/schema.org\",\"@graph\":[{\"@type\":\"WebPage\",\"@id\":\"https:\/\/www.moerk-metall.de\/?page_id=188\",\"url\":\"https:\/\/www.moerk-metall.de\/?page_id=188\",\"name\":\"Aktuelles - M\u00d6RK METALL\",\"isPartOf\":{\"@id\":\"https:\/\/www.moerk-metall.de\/#website\"},\"primaryImageOfPage\":{\"@id\":\"https:\/\/www.moerk-metall.de\/?page_id=188#primaryimage\"},\"image\":{\"@id\":\"https:\/\/www.moerk-metall.de\/?page_id=188#primaryimage\"},\"thumbnailUrl\":\"https:\/\/www.moerk-metall.de\/wp-content\/uploads\/IMG_8164-768x1024.jpeg\",\"datePublished\":\"2013-02-15T09:45:36+00:00\",\"dateModified\":\"2025-11-07T10:03:43+00:00\",\"breadcrumb\":{\"@id\":\"https:\/\/www.moerk-metall.de\/?page_id=188#breadcrumb\"},\"inLanguage\":\"de\",\"potentialAction\":[{\"@type\":\"ReadAction\",\"target\":[\"https:\/\/www.moerk-metall.de\/?page_id=188\"]}]},{\"@type\":\"ImageObject\",\"inLanguage\":\"de\",\"@id\":\"https:\/\/www.moerk-metall.de\/?page_id=188#primaryimage\",\"url\":\"https:\/\/www.moerk-metall.de\/wp-content\/uploads\/IMG_8164-scaled.jpeg\",\"contentUrl\":\"https:\/\/www.moerk-metall.de\/wp-content\/uploads\/IMG_8164-scaled.jpeg\",\"width\":1920,\"height\":2560},{\"@type\":\"BreadcrumbList\",\"@id\":\"https:\/\/www.moerk-metall.de\/?page_id=188#breadcrumb\",\"itemListElement\":[{\"@type\":\"ListItem\",\"position\":1,\"name\":\"Startseite\",\"item\":\"https:\/\/www.moerk-metall.de\/\"},{\"@type\":\"ListItem\",\"position\":2,\"name\":\"Aktuelles\"}]},{\"@type\":\"WebSite\",\"@id\":\"https:\/\/www.moerk-metall.de\/#website\",\"url\":\"https:\/\/www.moerk-metall.de\/\",\"name\":\"M\u00d6RK METALL\",\"description\":\"Blechbearbeitung - Metallbau\",\"publisher\":{\"@id\":\"https:\/\/www.moerk-metall.de\/#organization\"},\"potentialAction\":[{\"@type\":\"SearchAction\",\"target\":{\"@type\":\"EntryPoint\",\"urlTemplate\":\"https:\/\/www.moerk-metall.de\/?s={search_term_string}\"},\"query-input\":{\"@type\":\"PropertyValueSpecification\",\"valueRequired\":true,\"valueName\":\"search_term_string\"}}],\"inLanguage\":\"de\"},{\"@type\":\"Organization\",\"@id\":\"https:\/\/www.moerk-metall.de\/#organization\",\"name\":\"M\u00f6rk Blechbearbeitung GmbH\",\"url\":\"https:\/\/www.moerk-metall.de\/\",\"logo\":{\"@type\":\"ImageObject\",\"inLanguage\":\"de\",\"@id\":\"https:\/\/www.moerk-metall.de\/#\/schema\/logo\/image\/\",\"url\":\"https:\/\/www.moerk-metall.de\/wp-content\/uploads\/cropped-M\u00f6rk_Logo2_transparent.png\",\"contentUrl\":\"https:\/\/www.moerk-metall.de\/wp-content\/uploads\/cropped-M\u00f6rk_Logo2_transparent.png\",\"width\":470,\"height\":132,\"caption\":\"M\u00f6rk Blechbearbeitung GmbH\"},\"image\":{\"@id\":\"https:\/\/www.moerk-metall.de\/#\/schema\/logo\/image\/\"}}]}<\/script>\n<!-- \/ Yoast SEO plugin. -->","yoast_head_json":{"title":"Aktuelles - M\u00d6RK METALL","robots":{"index":"index","follow":"follow","max-snippet":"max-snippet:-1","max-image-preview":"max-image-preview:large","max-video-preview":"max-video-preview:-1"},"canonical":"https:\/\/www.moerk-metall.de\/?page_id=188","og_locale":"de_DE","og_type":"article","og_title":"Aktuelles - M\u00d6RK METALL","og_description":"Oktober 2025 Die alte Lasermaschine TruLaser 5060 wird nach 15 Jahren durch eine Laserschneidmaschine TruLaser 3060 fiber der neusten Generation ersetzt. Mit dieser Investition sind wir f\u00fcr die Zukunft bestens ger\u00fcstet und freuen uns darauf auch Ihre Teile auf unseren hochmodernen Maschinen fertigen zu d\u00fcrfen. September 2023 Installation einer zus\u00e4tzlichen Biegemaschine TRUMPF TruBend 5170. Mit &hellip; Aktuelles Weiterlesen &raquo;","og_url":"https:\/\/www.moerk-metall.de\/?page_id=188","og_site_name":"M\u00d6RK METALL","article_modified_time":"2025-11-07T10:03:43+00:00","og_image":[{"width":1920,"height":2560,"url":"https:\/\/www.moerk-metall.de\/wp-content\/uploads\/IMG_8164-scaled.jpeg","type":"image\/jpeg"}],"twitter_card":"summary_large_image","twitter_misc":{"Gesch\u00e4tzte Lesezeit":"6\u00a0Minuten"},"schema":{"@context":"https:\/\/schema.org","@graph":[{"@type":"WebPage","@id":"https:\/\/www.moerk-metall.de\/?page_id=188","url":"https:\/\/www.moerk-metall.de\/?page_id=188","name":"Aktuelles - M\u00d6RK METALL","isPartOf":{"@id":"https:\/\/www.moerk-metall.de\/#website"},"primaryImageOfPage":{"@id":"https:\/\/www.moerk-metall.de\/?page_id=188#primaryimage"},"image":{"@id":"https:\/\/www.moerk-metall.de\/?page_id=188#primaryimage"},"thumbnailUrl":"https:\/\/www.moerk-metall.de\/wp-content\/uploads\/IMG_8164-768x1024.jpeg","datePublished":"2013-02-15T09:45:36+00:00","dateModified":"2025-11-07T10:03:43+00:00","breadcrumb":{"@id":"https:\/\/www.moerk-metall.de\/?page_id=188#breadcrumb"},"inLanguage":"de","potentialAction":[{"@type":"ReadAction","target":["https:\/\/www.moerk-metall.de\/?page_id=188"]}]},{"@type":"ImageObject","inLanguage":"de","@id":"https:\/\/www.moerk-metall.de\/?page_id=188#primaryimage","url":"https:\/\/www.moerk-metall.de\/wp-content\/uploads\/IMG_8164-scaled.jpeg","contentUrl":"https:\/\/www.moerk-metall.de\/wp-content\/uploads\/IMG_8164-scaled.jpeg","width":1920,"height":2560},{"@type":"BreadcrumbList","@id":"https:\/\/www.moerk-metall.de\/?page_id=188#breadcrumb","itemListElement":[{"@type":"ListItem","position":1,"name":"Startseite","item":"https:\/\/www.moerk-metall.de\/"},{"@type":"ListItem","position":2,"name":"Aktuelles"}]},{"@type":"WebSite","@id":"https:\/\/www.moerk-metall.de\/#website","url":"https:\/\/www.moerk-metall.de\/","name":"M\u00d6RK METALL","description":"Blechbearbeitung - Metallbau","publisher":{"@id":"https:\/\/www.moerk-metall.de\/#organization"},"potentialAction":[{"@type":"SearchAction","target":{"@type":"EntryPoint","urlTemplate":"https:\/\/www.moerk-metall.de\/?s={search_term_string}"},"query-input":{"@type":"PropertyValueSpecification","valueRequired":true,"valueName":"search_term_string"}}],"inLanguage":"de"},{"@type":"Organization","@id":"https:\/\/www.moerk-metall.de\/#organization","name":"M\u00f6rk Blechbearbeitung GmbH","url":"https:\/\/www.moerk-metall.de\/","logo":{"@type":"ImageObject","inLanguage":"de","@id":"https:\/\/www.moerk-metall.de\/#\/schema\/logo\/image\/","url":"https:\/\/www.moerk-metall.de\/wp-content\/uploads\/cropped-M\u00f6rk_Logo2_transparent.png","contentUrl":"https:\/\/www.moerk-metall.de\/wp-content\/uploads\/cropped-M\u00f6rk_Logo2_transparent.png","width":470,"height":132,"caption":"M\u00f6rk Blechbearbeitung GmbH"},"image":{"@id":"https:\/\/www.moerk-metall.de\/#\/schema\/logo\/image\/"}}]}},"_links":{"self":[{"href":"https:\/\/www.moerk-metall.de\/index.php?rest_route=\/wp\/v2\/pages\/188"}],"collection":[{"href":"https:\/\/www.moerk-metall.de\/index.php?rest_route=\/wp\/v2\/pages"}],"about":[{"href":"https:\/\/www.moerk-metall.de\/index.php?rest_route=\/wp\/v2\/types\/page"}],"author":[{"embeddable":true,"href":"https:\/\/www.moerk-metall.de\/index.php?rest_route=\/wp\/v2\/users\/1"}],"replies":[{"embeddable":true,"href":"https:\/\/www.moerk-metall.de\/index.php?rest_route=%2Fwp%2Fv2%2Fcomments&post=188"}],"version-history":[{"count":35,"href":"https:\/\/www.moerk-metall.de\/index.php?rest_route=\/wp\/v2\/pages\/188\/revisions"}],"predecessor-version":[{"id":724,"href":"https:\/\/www.moerk-metall.de\/index.php?rest_route=\/wp\/v2\/pages\/188\/revisions\/724"}],"wp:attachment":[{"href":"https:\/\/www.moerk-metall.de\/index.php?rest_route=%2Fwp%2Fv2%2Fmedia&parent=188"}],"curies":[{"name":"wp","href":"https:\/\/api.w.org\/{rel}","templated":true}]}}