{"id":160,"date":"2013-02-10T19:36:34","date_gmt":"2013-02-10T18:36:34","guid":{"rendered":"http:\/\/www.moerk-metall.de\/m-neu\/?page_id=160"},"modified":"2021-06-18T09:44:44","modified_gmt":"2021-06-18T07:44:44","slug":"geschichte","status":"publish","type":"page","link":"https:\/\/www.moerk-metall.de\/?page_id=160","title":{"rendered":"Geschichte"},"content":{"rendered":"<p><a href=\"https:\/\/www.moerk-metall.de\/wp-content\/uploads\/2013\/02\/Image2.jpg\"><img loading=\"lazy\" decoding=\"async\" class=\"alignright wp-image-162\" src=\"https:\/\/www.moerk-metall.de\/wp-content\/uploads\/2013\/02\/Image2.jpg\" alt=\"alte Schlosserei\" width=\"361\" height=\"229\" srcset=\"https:\/\/www.moerk-metall.de\/wp-content\/uploads\/2013\/02\/Image2.jpg 635w, https:\/\/www.moerk-metall.de\/wp-content\/uploads\/2013\/02\/Image2-300x190.jpg 300w\" sizes=\"(max-width: 361px) 100vw, 361px\" \/><\/a>Die Geschichte der Firma in wenigen Punkten<\/p>\n<ul>\n<li>Gr\u00fcndung im Jahr 1903 in der Glemsstrasse in Leonberg als Schlosserei<\/li>\n<li>Hochwasser in der Glemsstrasse 1953<\/li>\n<\/ul>\n<ul>\n<li>Umzug in die Poststra\u00dfe 1955<\/li>\n<li>\u00dcbernahme als Gesch\u00e4ftsf\u00fchrer durch J\u00fcrgen Wendel 1979 mit gerade einmal 21 Jahren<\/li>\n<li>Meisterbrief J\u00fcrgen Wendel 1985 in der Abendschule<\/li>\n<li>1995 Krise im Betrieb, da viele Kunden Konkurs machten<\/li>\n<li>2003 Anschaffung der ersten Laserschneidmaschine<\/li>\n<\/ul>\n<p><a href=\"https:\/\/www.moerk-metall.de\/wp-content\/uploads\/Halle-1.jpg\"><img loading=\"lazy\" decoding=\"async\" class=\"alignright wp-image-281\" src=\"https:\/\/www.moerk-metall.de\/wp-content\/uploads\/Halle-1.jpg\" alt=\"Neue Laserhalle\" width=\"352\" height=\"208\" srcset=\"https:\/\/www.moerk-metall.de\/wp-content\/uploads\/Halle-1.jpg 733w, https:\/\/www.moerk-metall.de\/wp-content\/uploads\/Halle-1-200x118.jpg 200w, https:\/\/www.moerk-metall.de\/wp-content\/uploads\/Halle-1-300x177.jpg 300w\" sizes=\"(max-width: 352px) 100vw, 352px\" \/><\/a><\/p>\n<ul>\n<li>2009 erneutes Krisenjahr, in dem die neue Halle mit ca. 1100 m\u00b2 Produktionsfl\u00e4che fertig gestellt wird<\/li>\n<li>2010 Anschaffung der zweiten Laserschneidmaschine<\/li>\n<li>2019 \u00dcbergang des operativen Betriebs der Hermann M\u00f6rk GmbH &amp; Co. KG auf die neu gegr\u00fcndete M\u00f6rk Blechbearbeitung GmbH.<\/li>\n<\/ul>\n","protected":false},"excerpt":{"rendered":"<p>Die Geschichte der Firma in wenigen Punkten Gr\u00fcndung im Jahr 1903 in der Glemsstrasse in Leonberg als Schlosserei Hochwasser in der Glemsstrasse 1953 Umzug in die Poststra\u00dfe 1955 \u00dcbernahme als Gesch\u00e4ftsf\u00fchrer durch J\u00fcrgen Wendel 1979 mit gerade einmal 21 Jahren Meisterbrief J\u00fcrgen Wendel 1985 in der Abendschule 1995 Krise im Betrieb, da viele Kunden Konkurs &hellip;<\/p>\n<p class=\"read-more\"> <a class=\"\" href=\"https:\/\/www.moerk-metall.de\/?page_id=160\"> <span class=\"screen-reader-text\">Geschichte<\/span> Weiterlesen &raquo;<\/a><\/p>\n","protected":false},"author":1,"featured_media":0,"parent":154,"menu_order":0,"comment_status":"closed","ping_status":"open","template":"","meta":{"footnotes":""},"class_list":["post-160","page","type-page","status-publish","hentry"],"yoast_head":"<!-- This site is optimized with the Yoast SEO plugin v25.5 - https:\/\/yoast.com\/wordpress\/plugins\/seo\/ -->\n<title>Geschichte - M\u00d6RK METALL<\/title>\n<meta name=\"robots\" content=\"index, follow, max-snippet:-1, max-image-preview:large, max-video-preview:-1\" \/>\n<link rel=\"canonical\" href=\"https:\/\/www.moerk-metall.de\/?page_id=160\" \/>\n<meta property=\"og:locale\" content=\"de_DE\" \/>\n<meta property=\"og:type\" content=\"article\" \/>\n<meta property=\"og:title\" content=\"Geschichte - M\u00d6RK METALL\" \/>\n<meta property=\"og:description\" content=\"Die Geschichte der Firma in wenigen Punkten Gr\u00fcndung im Jahr 1903 in der Glemsstrasse in Leonberg als Schlosserei Hochwasser in der Glemsstrasse 1953 Umzug in die Poststra\u00dfe 1955 \u00dcbernahme als Gesch\u00e4ftsf\u00fchrer durch J\u00fcrgen Wendel 1979 mit gerade einmal 21 Jahren Meisterbrief J\u00fcrgen Wendel 1985 in der Abendschule 1995 Krise im Betrieb, da viele Kunden Konkurs &hellip; Geschichte Weiterlesen &raquo;\" \/>\n<meta property=\"og:url\" content=\"https:\/\/www.moerk-metall.de\/?page_id=160\" \/>\n<meta property=\"og:site_name\" content=\"M\u00d6RK METALL\" \/>\n<meta property=\"article:modified_time\" content=\"2021-06-18T07:44:44+00:00\" \/>\n<meta property=\"og:image\" content=\"http:\/\/www.moerk-metall.de\/wp-content\/uploads\/2013\/02\/Image2.jpg\" \/>\n<meta name=\"twitter:card\" content=\"summary_large_image\" \/>\n<script type=\"application\/ld+json\" class=\"yoast-schema-graph\">{\"@context\":\"https:\/\/schema.org\",\"@graph\":[{\"@type\":\"WebPage\",\"@id\":\"https:\/\/www.moerk-metall.de\/?page_id=160\",\"url\":\"https:\/\/www.moerk-metall.de\/?page_id=160\",\"name\":\"Geschichte - M\u00d6RK METALL\",\"isPartOf\":{\"@id\":\"https:\/\/www.moerk-metall.de\/#website\"},\"primaryImageOfPage\":{\"@id\":\"https:\/\/www.moerk-metall.de\/?page_id=160#primaryimage\"},\"image\":{\"@id\":\"https:\/\/www.moerk-metall.de\/?page_id=160#primaryimage\"},\"thumbnailUrl\":\"http:\/\/www.moerk-metall.de\/wp-content\/uploads\/2013\/02\/Image2.jpg\",\"datePublished\":\"2013-02-10T18:36:34+00:00\",\"dateModified\":\"2021-06-18T07:44:44+00:00\",\"breadcrumb\":{\"@id\":\"https:\/\/www.moerk-metall.de\/?page_id=160#breadcrumb\"},\"inLanguage\":\"de\",\"potentialAction\":[{\"@type\":\"ReadAction\",\"target\":[\"https:\/\/www.moerk-metall.de\/?page_id=160\"]}]},{\"@type\":\"ImageObject\",\"inLanguage\":\"de\",\"@id\":\"https:\/\/www.moerk-metall.de\/?page_id=160#primaryimage\",\"url\":\"https:\/\/www.moerk-metall.de\/wp-content\/uploads\/2013\/02\/Image2.jpg\",\"contentUrl\":\"https:\/\/www.moerk-metall.de\/wp-content\/uploads\/2013\/02\/Image2.jpg\",\"width\":635,\"height\":403},{\"@type\":\"BreadcrumbList\",\"@id\":\"https:\/\/www.moerk-metall.de\/?page_id=160#breadcrumb\",\"itemListElement\":[{\"@type\":\"ListItem\",\"position\":1,\"name\":\"Startseite\",\"item\":\"https:\/\/www.moerk-metall.de\/\"},{\"@type\":\"ListItem\",\"position\":2,\"name\":\"\u00dcber uns\",\"item\":\"https:\/\/www.moerk-metall.de\/?page_id=154\"},{\"@type\":\"ListItem\",\"position\":3,\"name\":\"Geschichte\"}]},{\"@type\":\"WebSite\",\"@id\":\"https:\/\/www.moerk-metall.de\/#website\",\"url\":\"https:\/\/www.moerk-metall.de\/\",\"name\":\"M\u00d6RK METALL\",\"description\":\"Blechbearbeitung - Metallbau\",\"publisher\":{\"@id\":\"https:\/\/www.moerk-metall.de\/#organization\"},\"potentialAction\":[{\"@type\":\"SearchAction\",\"target\":{\"@type\":\"EntryPoint\",\"urlTemplate\":\"https:\/\/www.moerk-metall.de\/?s={search_term_string}\"},\"query-input\":{\"@type\":\"PropertyValueSpecification\",\"valueRequired\":true,\"valueName\":\"search_term_string\"}}],\"inLanguage\":\"de\"},{\"@type\":\"Organization\",\"@id\":\"https:\/\/www.moerk-metall.de\/#organization\",\"name\":\"M\u00f6rk Blechbearbeitung GmbH\",\"url\":\"https:\/\/www.moerk-metall.de\/\",\"logo\":{\"@type\":\"ImageObject\",\"inLanguage\":\"de\",\"@id\":\"https:\/\/www.moerk-metall.de\/#\/schema\/logo\/image\/\",\"url\":\"https:\/\/www.moerk-metall.de\/wp-content\/uploads\/cropped-M\u00f6rk_Logo2_transparent.png\",\"contentUrl\":\"https:\/\/www.moerk-metall.de\/wp-content\/uploads\/cropped-M\u00f6rk_Logo2_transparent.png\",\"width\":470,\"height\":132,\"caption\":\"M\u00f6rk Blechbearbeitung GmbH\"},\"image\":{\"@id\":\"https:\/\/www.moerk-metall.de\/#\/schema\/logo\/image\/\"}}]}<\/script>\n<!-- \/ Yoast SEO plugin. -->","yoast_head_json":{"title":"Geschichte - M\u00d6RK METALL","robots":{"index":"index","follow":"follow","max-snippet":"max-snippet:-1","max-image-preview":"max-image-preview:large","max-video-preview":"max-video-preview:-1"},"canonical":"https:\/\/www.moerk-metall.de\/?page_id=160","og_locale":"de_DE","og_type":"article","og_title":"Geschichte - M\u00d6RK METALL","og_description":"Die Geschichte der Firma in wenigen Punkten Gr\u00fcndung im Jahr 1903 in der Glemsstrasse in Leonberg als Schlosserei Hochwasser in der Glemsstrasse 1953 Umzug in die Poststra\u00dfe 1955 \u00dcbernahme als Gesch\u00e4ftsf\u00fchrer durch J\u00fcrgen Wendel 1979 mit gerade einmal 21 Jahren Meisterbrief J\u00fcrgen Wendel 1985 in der Abendschule 1995 Krise im Betrieb, da viele Kunden Konkurs &hellip; Geschichte Weiterlesen &raquo;","og_url":"https:\/\/www.moerk-metall.de\/?page_id=160","og_site_name":"M\u00d6RK METALL","article_modified_time":"2021-06-18T07:44:44+00:00","og_image":[{"url":"http:\/\/www.moerk-metall.de\/wp-content\/uploads\/2013\/02\/Image2.jpg","type":"","width":"","height":""}],"twitter_card":"summary_large_image","schema":{"@context":"https:\/\/schema.org","@graph":[{"@type":"WebPage","@id":"https:\/\/www.moerk-metall.de\/?page_id=160","url":"https:\/\/www.moerk-metall.de\/?page_id=160","name":"Geschichte - M\u00d6RK METALL","isPartOf":{"@id":"https:\/\/www.moerk-metall.de\/#website"},"primaryImageOfPage":{"@id":"https:\/\/www.moerk-metall.de\/?page_id=160#primaryimage"},"image":{"@id":"https:\/\/www.moerk-metall.de\/?page_id=160#primaryimage"},"thumbnailUrl":"http:\/\/www.moerk-metall.de\/wp-content\/uploads\/2013\/02\/Image2.jpg","datePublished":"2013-02-10T18:36:34+00:00","dateModified":"2021-06-18T07:44:44+00:00","breadcrumb":{"@id":"https:\/\/www.moerk-metall.de\/?page_id=160#breadcrumb"},"inLanguage":"de","potentialAction":[{"@type":"ReadAction","target":["https:\/\/www.moerk-metall.de\/?page_id=160"]}]},{"@type":"ImageObject","inLanguage":"de","@id":"https:\/\/www.moerk-metall.de\/?page_id=160#primaryimage","url":"https:\/\/www.moerk-metall.de\/wp-content\/uploads\/2013\/02\/Image2.jpg","contentUrl":"https:\/\/www.moerk-metall.de\/wp-content\/uploads\/2013\/02\/Image2.jpg","width":635,"height":403},{"@type":"BreadcrumbList","@id":"https:\/\/www.moerk-metall.de\/?page_id=160#breadcrumb","itemListElement":[{"@type":"ListItem","position":1,"name":"Startseite","item":"https:\/\/www.moerk-metall.de\/"},{"@type":"ListItem","position":2,"name":"\u00dcber uns","item":"https:\/\/www.moerk-metall.de\/?page_id=154"},{"@type":"ListItem","position":3,"name":"Geschichte"}]},{"@type":"WebSite","@id":"https:\/\/www.moerk-metall.de\/#website","url":"https:\/\/www.moerk-metall.de\/","name":"M\u00d6RK METALL","description":"Blechbearbeitung - Metallbau","publisher":{"@id":"https:\/\/www.moerk-metall.de\/#organization"},"potentialAction":[{"@type":"SearchAction","target":{"@type":"EntryPoint","urlTemplate":"https:\/\/www.moerk-metall.de\/?s={search_term_string}"},"query-input":{"@type":"PropertyValueSpecification","valueRequired":true,"valueName":"search_term_string"}}],"inLanguage":"de"},{"@type":"Organization","@id":"https:\/\/www.moerk-metall.de\/#organization","name":"M\u00f6rk Blechbearbeitung GmbH","url":"https:\/\/www.moerk-metall.de\/","logo":{"@type":"ImageObject","inLanguage":"de","@id":"https:\/\/www.moerk-metall.de\/#\/schema\/logo\/image\/","url":"https:\/\/www.moerk-metall.de\/wp-content\/uploads\/cropped-M\u00f6rk_Logo2_transparent.png","contentUrl":"https:\/\/www.moerk-metall.de\/wp-content\/uploads\/cropped-M\u00f6rk_Logo2_transparent.png","width":470,"height":132,"caption":"M\u00f6rk Blechbearbeitung GmbH"},"image":{"@id":"https:\/\/www.moerk-metall.de\/#\/schema\/logo\/image\/"}}]}},"_links":{"self":[{"href":"https:\/\/www.moerk-metall.de\/index.php?rest_route=\/wp\/v2\/pages\/160"}],"collection":[{"href":"https:\/\/www.moerk-metall.de\/index.php?rest_route=\/wp\/v2\/pages"}],"about":[{"href":"https:\/\/www.moerk-metall.de\/index.php?rest_route=\/wp\/v2\/types\/page"}],"author":[{"embeddable":true,"href":"https:\/\/www.moerk-metall.de\/index.php?rest_route=\/wp\/v2\/users\/1"}],"replies":[{"embeddable":true,"href":"https:\/\/www.moerk-metall.de\/index.php?rest_route=%2Fwp%2Fv2%2Fcomments&post=160"}],"version-history":[{"count":45,"href":"https:\/\/www.moerk-metall.de\/index.php?rest_route=\/wp\/v2\/pages\/160\/revisions"}],"predecessor-version":[{"id":610,"href":"https:\/\/www.moerk-metall.de\/index.php?rest_route=\/wp\/v2\/pages\/160\/revisions\/610"}],"up":[{"embeddable":true,"href":"https:\/\/www.moerk-metall.de\/index.php?rest_route=\/wp\/v2\/pages\/154"}],"wp:attachment":[{"href":"https:\/\/www.moerk-metall.de\/index.php?rest_route=%2Fwp%2Fv2%2Fmedia&parent=160"}],"curies":[{"name":"wp","href":"https:\/\/api.w.org\/{rel}","templated":true}]}}