{"id":154,"date":"2013-02-10T19:17:07","date_gmt":"2013-02-10T18:17:07","guid":{"rendered":"http:\/\/www.moerk-metall.de\/m-neu\/?page_id=154"},"modified":"2021-06-18T09:22:56","modified_gmt":"2021-06-18T07:22:56","slug":"uber-uns","status":"publish","type":"page","link":"https:\/\/www.moerk-metall.de\/?page_id=154","title":{"rendered":"\u00dcber uns"},"content":{"rendered":"<p>Die Firma M\u00f6rk besteht seit 1903, also bereits seit \u00fcber 110 Jahren. Seither ist sie in der Familie geblieben, die Familie Wendel ist inzwischen die vierte Generation.<\/p>\n<p>Heute sind bei M\u00f6rk Metall mehr als 15 Mitarbeiter besch\u00e4ftigt.<br \/>\nGesch\u00e4ftsf\u00fchrer ist J\u00fcrgen Wendel, Metallbau-Meister.<br \/>\nUm die kaufm\u00e4nnischen Belange k\u00fcmmerte sich bis Ende 2018 seine Schwester Ingrid Wendel. Im Januar 2019 trat J\u00fcrgen Wendels Schwiegersohn Michael Manogg als neuer kaufm\u00e4nnischer Gesch\u00e4ftsf\u00fchrer in das Unternehmen ein.<\/p>\n<p>Die Produktionsfl\u00e4che betr\u00e4gt inzwischen ca. 2200 m\u00b2, nachdem im Jahr 2009 die neue Halle fertig gestellt wurde.<\/p>\n","protected":false},"excerpt":{"rendered":"<p>Die Firma M\u00f6rk besteht seit 1903, also bereits seit \u00fcber 110 Jahren. Seither ist sie in der Familie geblieben, die Familie Wendel ist inzwischen die vierte Generation. Heute sind bei M\u00f6rk Metall mehr als 15 Mitarbeiter besch\u00e4ftigt. Gesch\u00e4ftsf\u00fchrer ist J\u00fcrgen Wendel, Metallbau-Meister. Um die kaufm\u00e4nnischen Belange k\u00fcmmerte sich bis Ende 2018 seine Schwester Ingrid Wendel. &hellip;<\/p>\n<p class=\"read-more\"> <a class=\"\" href=\"https:\/\/www.moerk-metall.de\/?page_id=154\"> <span class=\"screen-reader-text\">\u00dcber uns<\/span> Weiterlesen &raquo;<\/a><\/p>\n","protected":false},"author":1,"featured_media":0,"parent":0,"menu_order":2,"comment_status":"closed","ping_status":"open","template":"","meta":{"footnotes":""},"class_list":["post-154","page","type-page","status-publish","hentry"],"yoast_head":"<!-- This site is optimized with the Yoast SEO plugin v25.5 - https:\/\/yoast.com\/wordpress\/plugins\/seo\/ -->\n<title>\u00dcber uns - M\u00d6RK METALL<\/title>\n<meta name=\"robots\" content=\"index, follow, max-snippet:-1, max-image-preview:large, max-video-preview:-1\" \/>\n<link rel=\"canonical\" href=\"https:\/\/www.moerk-metall.de\/?page_id=154\" \/>\n<meta property=\"og:locale\" content=\"de_DE\" \/>\n<meta property=\"og:type\" content=\"article\" \/>\n<meta property=\"og:title\" content=\"\u00dcber uns - M\u00d6RK METALL\" \/>\n<meta property=\"og:description\" content=\"Die Firma M\u00f6rk besteht seit 1903, also bereits seit \u00fcber 110 Jahren. Seither ist sie in der Familie geblieben, die Familie Wendel ist inzwischen die vierte Generation. Heute sind bei M\u00f6rk Metall mehr als 15 Mitarbeiter besch\u00e4ftigt. Gesch\u00e4ftsf\u00fchrer ist J\u00fcrgen Wendel, Metallbau-Meister. Um die kaufm\u00e4nnischen Belange k\u00fcmmerte sich bis Ende 2018 seine Schwester Ingrid Wendel. &hellip; \u00dcber uns Weiterlesen &raquo;\" \/>\n<meta property=\"og:url\" content=\"https:\/\/www.moerk-metall.de\/?page_id=154\" \/>\n<meta property=\"og:site_name\" content=\"M\u00d6RK METALL\" \/>\n<meta property=\"article:modified_time\" content=\"2021-06-18T07:22:56+00:00\" \/>\n<meta name=\"twitter:card\" content=\"summary_large_image\" \/>\n<script type=\"application\/ld+json\" class=\"yoast-schema-graph\">{\"@context\":\"https:\/\/schema.org\",\"@graph\":[{\"@type\":\"WebPage\",\"@id\":\"https:\/\/www.moerk-metall.de\/?page_id=154\",\"url\":\"https:\/\/www.moerk-metall.de\/?page_id=154\",\"name\":\"\u00dcber uns - M\u00d6RK METALL\",\"isPartOf\":{\"@id\":\"https:\/\/www.moerk-metall.de\/#website\"},\"datePublished\":\"2013-02-10T18:17:07+00:00\",\"dateModified\":\"2021-06-18T07:22:56+00:00\",\"breadcrumb\":{\"@id\":\"https:\/\/www.moerk-metall.de\/?page_id=154#breadcrumb\"},\"inLanguage\":\"de\",\"potentialAction\":[{\"@type\":\"ReadAction\",\"target\":[\"https:\/\/www.moerk-metall.de\/?page_id=154\"]}]},{\"@type\":\"BreadcrumbList\",\"@id\":\"https:\/\/www.moerk-metall.de\/?page_id=154#breadcrumb\",\"itemListElement\":[{\"@type\":\"ListItem\",\"position\":1,\"name\":\"Startseite\",\"item\":\"https:\/\/www.moerk-metall.de\/\"},{\"@type\":\"ListItem\",\"position\":2,\"name\":\"\u00dcber uns\"}]},{\"@type\":\"WebSite\",\"@id\":\"https:\/\/www.moerk-metall.de\/#website\",\"url\":\"https:\/\/www.moerk-metall.de\/\",\"name\":\"M\u00d6RK METALL\",\"description\":\"Blechbearbeitung - Metallbau\",\"publisher\":{\"@id\":\"https:\/\/www.moerk-metall.de\/#organization\"},\"potentialAction\":[{\"@type\":\"SearchAction\",\"target\":{\"@type\":\"EntryPoint\",\"urlTemplate\":\"https:\/\/www.moerk-metall.de\/?s={search_term_string}\"},\"query-input\":{\"@type\":\"PropertyValueSpecification\",\"valueRequired\":true,\"valueName\":\"search_term_string\"}}],\"inLanguage\":\"de\"},{\"@type\":\"Organization\",\"@id\":\"https:\/\/www.moerk-metall.de\/#organization\",\"name\":\"M\u00f6rk Blechbearbeitung GmbH\",\"url\":\"https:\/\/www.moerk-metall.de\/\",\"logo\":{\"@type\":\"ImageObject\",\"inLanguage\":\"de\",\"@id\":\"https:\/\/www.moerk-metall.de\/#\/schema\/logo\/image\/\",\"url\":\"https:\/\/www.moerk-metall.de\/wp-content\/uploads\/cropped-M\u00f6rk_Logo2_transparent.png\",\"contentUrl\":\"https:\/\/www.moerk-metall.de\/wp-content\/uploads\/cropped-M\u00f6rk_Logo2_transparent.png\",\"width\":470,\"height\":132,\"caption\":\"M\u00f6rk Blechbearbeitung GmbH\"},\"image\":{\"@id\":\"https:\/\/www.moerk-metall.de\/#\/schema\/logo\/image\/\"}}]}<\/script>\n<!-- \/ Yoast SEO plugin. -->","yoast_head_json":{"title":"\u00dcber uns - M\u00d6RK METALL","robots":{"index":"index","follow":"follow","max-snippet":"max-snippet:-1","max-image-preview":"max-image-preview:large","max-video-preview":"max-video-preview:-1"},"canonical":"https:\/\/www.moerk-metall.de\/?page_id=154","og_locale":"de_DE","og_type":"article","og_title":"\u00dcber uns - M\u00d6RK METALL","og_description":"Die Firma M\u00f6rk besteht seit 1903, also bereits seit \u00fcber 110 Jahren. Seither ist sie in der Familie geblieben, die Familie Wendel ist inzwischen die vierte Generation. Heute sind bei M\u00f6rk Metall mehr als 15 Mitarbeiter besch\u00e4ftigt. Gesch\u00e4ftsf\u00fchrer ist J\u00fcrgen Wendel, Metallbau-Meister. Um die kaufm\u00e4nnischen Belange k\u00fcmmerte sich bis Ende 2018 seine Schwester Ingrid Wendel. &hellip; \u00dcber uns Weiterlesen &raquo;","og_url":"https:\/\/www.moerk-metall.de\/?page_id=154","og_site_name":"M\u00d6RK METALL","article_modified_time":"2021-06-18T07:22:56+00:00","twitter_card":"summary_large_image","schema":{"@context":"https:\/\/schema.org","@graph":[{"@type":"WebPage","@id":"https:\/\/www.moerk-metall.de\/?page_id=154","url":"https:\/\/www.moerk-metall.de\/?page_id=154","name":"\u00dcber uns - M\u00d6RK METALL","isPartOf":{"@id":"https:\/\/www.moerk-metall.de\/#website"},"datePublished":"2013-02-10T18:17:07+00:00","dateModified":"2021-06-18T07:22:56+00:00","breadcrumb":{"@id":"https:\/\/www.moerk-metall.de\/?page_id=154#breadcrumb"},"inLanguage":"de","potentialAction":[{"@type":"ReadAction","target":["https:\/\/www.moerk-metall.de\/?page_id=154"]}]},{"@type":"BreadcrumbList","@id":"https:\/\/www.moerk-metall.de\/?page_id=154#breadcrumb","itemListElement":[{"@type":"ListItem","position":1,"name":"Startseite","item":"https:\/\/www.moerk-metall.de\/"},{"@type":"ListItem","position":2,"name":"\u00dcber uns"}]},{"@type":"WebSite","@id":"https:\/\/www.moerk-metall.de\/#website","url":"https:\/\/www.moerk-metall.de\/","name":"M\u00d6RK METALL","description":"Blechbearbeitung - Metallbau","publisher":{"@id":"https:\/\/www.moerk-metall.de\/#organization"},"potentialAction":[{"@type":"SearchAction","target":{"@type":"EntryPoint","urlTemplate":"https:\/\/www.moerk-metall.de\/?s={search_term_string}"},"query-input":{"@type":"PropertyValueSpecification","valueRequired":true,"valueName":"search_term_string"}}],"inLanguage":"de"},{"@type":"Organization","@id":"https:\/\/www.moerk-metall.de\/#organization","name":"M\u00f6rk Blechbearbeitung GmbH","url":"https:\/\/www.moerk-metall.de\/","logo":{"@type":"ImageObject","inLanguage":"de","@id":"https:\/\/www.moerk-metall.de\/#\/schema\/logo\/image\/","url":"https:\/\/www.moerk-metall.de\/wp-content\/uploads\/cropped-M\u00f6rk_Logo2_transparent.png","contentUrl":"https:\/\/www.moerk-metall.de\/wp-content\/uploads\/cropped-M\u00f6rk_Logo2_transparent.png","width":470,"height":132,"caption":"M\u00f6rk Blechbearbeitung GmbH"},"image":{"@id":"https:\/\/www.moerk-metall.de\/#\/schema\/logo\/image\/"}}]}},"_links":{"self":[{"href":"https:\/\/www.moerk-metall.de\/index.php?rest_route=\/wp\/v2\/pages\/154"}],"collection":[{"href":"https:\/\/www.moerk-metall.de\/index.php?rest_route=\/wp\/v2\/pages"}],"about":[{"href":"https:\/\/www.moerk-metall.de\/index.php?rest_route=\/wp\/v2\/types\/page"}],"author":[{"embeddable":true,"href":"https:\/\/www.moerk-metall.de\/index.php?rest_route=\/wp\/v2\/users\/1"}],"replies":[{"embeddable":true,"href":"https:\/\/www.moerk-metall.de\/index.php?rest_route=%2Fwp%2Fv2%2Fcomments&post=154"}],"version-history":[{"count":16,"href":"https:\/\/www.moerk-metall.de\/index.php?rest_route=\/wp\/v2\/pages\/154\/revisions"}],"predecessor-version":[{"id":597,"href":"https:\/\/www.moerk-metall.de\/index.php?rest_route=\/wp\/v2\/pages\/154\/revisions\/597"}],"wp:attachment":[{"href":"https:\/\/www.moerk-metall.de\/index.php?rest_route=%2Fwp%2Fv2%2Fmedia&parent=154"}],"curies":[{"name":"wp","href":"https:\/\/api.w.org\/{rel}","templated":true}]}}